{"id":8020,"date":"2012-11-21T17:57:22","date_gmt":"2012-11-21T17:57:22","guid":{"rendered":"https:\/\/mardesaboreslapalma.es\/mercados\/"},"modified":"2022-09-19T12:18:07","modified_gmt":"2022-09-19T12:18:07","slug":"maerkte","status":"publish","type":"page","link":"https:\/\/mardesaboreslapalma.es\/de\/maerkte\/","title":{"rendered":"M\u00e4rkte"},"content":{"rendered":"\t\t<div data-elementor-type=\"wp-page\" data-elementor-id=\"8020\" class=\"elementor elementor-8020 elementor-182\">\n\t\t\t\t\t\t<section class=\"elementor-section elementor-top-section elementor-element elementor-element-10661159 elementor-section-boxed elementor-section-height-default elementor-section-height-default elementor-invisible\" data-id=\"10661159\" data-element_type=\"section\" data-e-type=\"section\" data-settings=\"{&quot;animation&quot;:&quot;fadeInUp&quot;}\">\n\t\t\t\t\t\t<div class=\"elementor-container elementor-column-gap-default\">\n\t\t\t\t\t<div class=\"elementor-column elementor-col-50 elementor-top-column elementor-element elementor-element-6d9fdf5a\" data-id=\"6d9fdf5a\" data-element_type=\"column\" data-e-type=\"column\">\n\t\t\t<div class=\"elementor-widget-wrap elementor-element-populated\">\n\t\t\t\t\t\t<div class=\"elementor-element elementor-element-244f9a5 elementor-widget elementor-widget-heading\" data-id=\"244f9a5\" data-element_type=\"widget\" data-e-type=\"widget\" data-widget_type=\"heading.default\">\n\t\t\t\t<div class=\"elementor-widget-container\">\n\t\t\t\t\t<p class=\"elementor-heading-title elementor-size-xl\">Verkaufsstellen <\/p>\t\t\t\t<\/div>\n\t\t\t\t<\/div>\n\t\t\t\t<div class=\"elementor-element elementor-element-2188fe1 elementor-widget elementor-widget-heading\" data-id=\"2188fe1\" data-element_type=\"widget\" data-e-type=\"widget\" data-widget_type=\"heading.default\">\n\t\t\t\t<div class=\"elementor-widget-container\">\n\t\t\t\t\t<p class=\"elementor-heading-title elementor-size-xl\">f\u00fcr Fisch und Meeresfr\u00fcchte<\/p>\t\t\t\t<\/div>\n\t\t\t\t<\/div>\n\t\t\t\t<div class=\"elementor-element elementor-element-57fdb299 elementor-drop-cap-yes elementor-drop-cap-view-default elementor-widget elementor-widget-text-editor\" data-id=\"57fdb299\" data-element_type=\"widget\" data-e-type=\"widget\" data-settings=\"{&quot;drop_cap&quot;:&quot;yes&quot;}\" data-widget_type=\"text-editor.default\">\n\t\t\t\t<div class=\"elementor-widget-container\">\n\t\t\t\t\t\t\t\t\t<p>Der Einkauf von Fisch und Meeresprodukten auf La Palma konzentriert sich haupts\u00e4chlich auf die Fischereigenossenschaft Cofrad\u00eda de Pescadores Nuestra Se\u00f1ora de Las Nieves in Santa Cruz de La Palma und die Fischereigenossenschaft Nuestra Se\u00f1ora del Carmen in der Gemeinde Tazacorte. Neben diesen Hauptanbietern von Fisch und Meeresfr\u00fcchten gibt es weitere Verkaufsstellen, die Fischprodukte anbieten, sowie verschiedene Superm\u00e4rkte, die Fisch aus der Fischerei auf der Insel verkaufen. Dieser wird auf dem Erstverkaufsetikett speziell als solcher gekennzeichnet.<\/p><p>\u00a0<\/p>\t\t\t\t\t\t\t\t<\/div>\n\t\t\t\t<\/div>\n\t\t\t\t\t<\/div>\n\t\t<\/div>\n\t\t\t\t<div class=\"elementor-column elementor-col-50 elementor-top-column elementor-element elementor-element-4b84d269\" data-id=\"4b84d269\" data-element_type=\"column\" data-e-type=\"column\">\n\t\t\t<div class=\"elementor-widget-wrap elementor-element-populated\">\n\t\t\t\t\t\t<div class=\"elementor-element elementor-element-17ea663a elementor-arrows-position-inside elementor-widget elementor-widget-image-carousel\" data-id=\"17ea663a\" data-element_type=\"widget\" data-e-type=\"widget\" data-settings=\"{&quot;slides_to_show&quot;:&quot;1&quot;,&quot;navigation&quot;:&quot;arrows&quot;,&quot;pause_on_hover&quot;:&quot;no&quot;,&quot;pause_on_interaction&quot;:&quot;no&quot;,&quot;autoplay&quot;:&quot;yes&quot;,&quot;autoplay_speed&quot;:5000,&quot;infinite&quot;:&quot;yes&quot;,&quot;effect&quot;:&quot;slide&quot;,&quot;speed&quot;:500}\" data-widget_type=\"image-carousel.default\">\n\t\t\t\t<div class=\"elementor-widget-container\">\n\t\t\t\t\t\t\t<div class=\"elementor-image-carousel-wrapper swiper\" role=\"region\" aria-roledescription=\"carousel\" aria-label=\"Bild Karussell\" dir=\"ltr\">\n\t\t\t<div class=\"elementor-image-carousel swiper-wrapper\" aria-live=\"off\">\n\t\t\t\t\t\t\t\t<div class=\"swiper-slide\" role=\"group\" aria-roledescription=\"slide\" aria-label=\"1 von 6\"><figure class=\"swiper-slide-inner\"><img decoding=\"async\" class=\"swiper-slide-image\" src=\"https:\/\/mardesaboreslapalma.es\/wp-content\/uploads\/2022\/07\/mercadillo-municipal-losllanos.jpg\" alt=\"mercadillo-municipal-losllanos\" \/><\/figure><\/div><div class=\"swiper-slide\" role=\"group\" aria-roledescription=\"slide\" aria-label=\"2 von 6\"><figure class=\"swiper-slide-inner\"><img decoding=\"async\" class=\"swiper-slide-image\" src=\"https:\/\/mardesaboreslapalma.es\/wp-content\/uploads\/2022\/07\/pescaderia-lapalma-mardesabores.jpg\" alt=\"pescaderia-lapalma-mardesabores\" \/><\/figure><\/div><div class=\"swiper-slide\" role=\"group\" aria-roledescription=\"slide\" aria-label=\"3 von 6\"><figure class=\"swiper-slide-inner\"><img decoding=\"async\" class=\"swiper-slide-image\" src=\"https:\/\/mardesaboreslapalma.es\/wp-content\/uploads\/2022\/09\/pescaderia-finalosllanosdearidane.jpg\" alt=\"pescaderia-finalosllanosdearidane\" \/><\/figure><\/div><div class=\"swiper-slide\" role=\"group\" aria-roledescription=\"slide\" aria-label=\"4 von 6\"><figure class=\"swiper-slide-inner\"><img decoding=\"async\" class=\"swiper-slide-image\" src=\"https:\/\/mardesaboreslapalma.es\/wp-content\/uploads\/2022\/07\/cofradia-pescadores-lapalma.jpg\" alt=\"cofradia-pescadores-lapalma\" \/><\/figure><\/div><div class=\"swiper-slide\" role=\"group\" aria-roledescription=\"slide\" aria-label=\"5 von 6\"><figure class=\"swiper-slide-inner\"><img decoding=\"async\" class=\"swiper-slide-image\" src=\"https:\/\/mardesaboreslapalma.es\/wp-content\/uploads\/2022\/07\/mercado-municipal-pescado.jpg\" alt=\"mercado-municipal-pescado\" \/><\/figure><\/div><div class=\"swiper-slide\" role=\"group\" aria-roledescription=\"slide\" aria-label=\"6 von 6\"><figure class=\"swiper-slide-inner\"><img decoding=\"async\" class=\"swiper-slide-image\" src=\"https:\/\/mardesaboreslapalma.es\/wp-content\/uploads\/2022\/07\/cofradia-pescadores-santacruzdelapalma.jpg\" alt=\"cofradia-pescadores-santacruzdelapalma\" \/><\/figure><\/div>\t\t\t<\/div>\n\t\t\t\t\t\t\t\t\t\t\t\t<div class=\"elementor-swiper-button elementor-swiper-button-prev\" role=\"button\" tabindex=\"0\">\n\t\t\t\t\t\t<i aria-hidden=\"true\" class=\"eicon-chevron-left\"><\/i>\t\t\t\t\t<\/div>\n\t\t\t\t\t<div class=\"elementor-swiper-button elementor-swiper-button-next\" role=\"button\" tabindex=\"0\">\n\t\t\t\t\t\t<i aria-hidden=\"true\" class=\"eicon-chevron-right\"><\/i>\t\t\t\t\t<\/div>\n\t\t\t\t\n\t\t\t\t\t\t\t\t\t<\/div>\n\t\t\t\t\t\t<\/div>\n\t\t\t\t<\/div>\n\t\t\t\t\t<\/div>\n\t\t<\/div>\n\t\t\t\t\t<\/div>\n\t\t<\/section>\n\t\t\t\t<section class=\"elementor-section elementor-top-section elementor-element elementor-element-758a1066 elementor-section-boxed elementor-section-height-default elementor-section-height-default\" data-id=\"758a1066\" data-element_type=\"section\" data-e-type=\"section\" id=\"sureste\">\n\t\t\t\t\t\t<div class=\"elementor-container elementor-column-gap-default\">\n\t\t\t\t\t<div class=\"elementor-column elementor-col-50 elementor-top-column elementor-element elementor-element-317772a5\" data-id=\"317772a5\" data-element_type=\"column\" data-e-type=\"column\">\n\t\t\t<div class=\"elementor-widget-wrap elementor-element-populated\">\n\t\t\t\t\t\t<div class=\"elementor-element elementor-element-485dd8b elementor-widget elementor-widget-spacer\" data-id=\"485dd8b\" data-element_type=\"widget\" data-e-type=\"widget\" data-widget_type=\"spacer.default\">\n\t\t\t\t<div class=\"elementor-widget-container\">\n\t\t\t\t\t\t\t<div class=\"elementor-spacer\">\n\t\t\t<div class=\"elementor-spacer-inner\"><\/div>\n\t\t<\/div>\n\t\t\t\t\t\t<\/div>\n\t\t\t\t<\/div>\n\t\t\t\t<div class=\"elementor-element elementor-element-a1629b6 elementor-invisible elementor-widget elementor-widget-heading\" data-id=\"a1629b6\" data-element_type=\"widget\" data-e-type=\"widget\" data-settings=\"{&quot;_animation&quot;:&quot;fadeIn&quot;}\" data-widget_type=\"heading.default\">\n\t\t\t\t<div class=\"elementor-widget-container\">\n\t\t\t\t\t<h2 class=\"elementor-heading-title elementor-size-xl\">Fischgesch\u00e4ft<\/h2>\t\t\t\t<\/div>\n\t\t\t\t<\/div>\n\t\t\t\t<div class=\"elementor-element elementor-element-ae56720 elementor-widget elementor-widget-shortcode\" data-id=\"ae56720\" data-element_type=\"widget\" data-e-type=\"widget\" data-widget_type=\"shortcode.default\">\n\t\t\t\t<div class=\"elementor-widget-container\">\n\t\t\t\t\t\t\t<div class=\"elementor-shortcode\">[su_accordion] \n\n[su_spoiler title=\"La Recova\"]\n<p style=\"font-size:14px\">\nName: <b>Mercado Municipal (La Recova)<\/b><br \/>\nAnschrift: <b>Avenida El Puente, 14 Santa Cruz de La Palma<\/b><br \/>\nTelefon: <b>922 41 14 59 \/ 922 426 502<\/b><br \/>\nMail: <b>mercado@santacruzdelapalma.es<\/b><br \/>\nWeb: <b><a href=\"https:\/\/santacruzdelapalma.info\/la-recova\/\" target=\"_blank\">La Recova<\/a><\/b>\n\n<\/p>\n[\/su_spoiler]\n\n[su_spoiler title=\"El Muellito\"]\n<p style=\"font-size:14px\">\nName: <b>Pescader\u00eda El Muellito<\/b><br \/>\nAnschrift: <b>Refugio Pesquero s\/n Bre\u00f1a Alta<\/b><br \/>\nTelefon: <b>922 410 727<\/b><br \/>\nMail: <b>info@pescaderiaelmuellito.es<\/b><br \/>\nWeb: <b><a href=\"https:\/\/www.pescaderiaelmuellito.com\" target=\"_blank\">El Muellito<\/a><\/b>\n<\/p>\n[\/su_spoiler]\n\n[su_spoiler title=\"El Varadero\"]\n<p style=\"font-size:14px\">\nName: <b>Pescader\u00eda El Varadero <\/b><br \/>\nAnschrift: <b>Calle Treinta de Mayo, 82 bajo. Bre\u00f1a Alta<\/b><br \/>\nTelefon: <b>653 173 194<\/b><br \/>\nMail: <b>pescaderiaelvaradero.ba@gmail.com<\/b><br \/>\nWeb: <b><a href=\"https:\/\/goo.gl\/maps\/HNscDaBhBCx69zDb9\" target=\"_blank\">El Varadero<\/a><\/b>\n<\/p>\n[\/su_spoiler]\n\n[su_spoiler title=\"Fina\"]\n<p style=\"font-size:14px\">\nName: <b>Pescader\u00eda Fina <\/b><br \/>\nAnschrift: <b>Calle Doctor Fleming, Los Llanos de Aridane<\/b><br \/>\nTelefon: <b>922 401 268<\/b><br \/>\nMovil: <b>690 60 53 32<\/b><br \/>\n<a href=\"https:\/\/www.facebook.com\/Pescader%C3%ADa-FINA-334213076985122\/\" target=\"_blank\">Facebook<\/a><br \/>\n<a href=\"https:\/\/www.instagram.com\/pescaderia_fina_\/\" target=\"_blank\">Instagram<\/a><br \/>\n\n<\/p>\n[\/su_spoiler]\n\n\n\n[\/su_accordion] <\/div>\n\t\t\t\t\t\t<\/div>\n\t\t\t\t<\/div>\n\t\t\t\t\t<\/div>\n\t\t<\/div>\n\t\t\t\t<div class=\"elementor-column elementor-col-50 elementor-top-column elementor-element elementor-element-b190d31\" data-id=\"b190d31\" data-element_type=\"column\" data-e-type=\"column\">\n\t\t\t<div class=\"elementor-widget-wrap elementor-element-populated\">\n\t\t\t\t\t\t<div class=\"elementor-element elementor-element-3bb80e6 elementor-widget elementor-widget-spacer\" data-id=\"3bb80e6\" data-element_type=\"widget\" data-e-type=\"widget\" data-widget_type=\"spacer.default\">\n\t\t\t\t<div class=\"elementor-widget-container\">\n\t\t\t\t\t\t\t<div class=\"elementor-spacer\">\n\t\t\t<div class=\"elementor-spacer-inner\"><\/div>\n\t\t<\/div>\n\t\t\t\t\t\t<\/div>\n\t\t\t\t<\/div>\n\t\t\t\t<div class=\"elementor-element elementor-element-d00d22b elementor-invisible elementor-widget elementor-widget-heading\" data-id=\"d00d22b\" data-element_type=\"widget\" data-e-type=\"widget\" data-settings=\"{&quot;_animation&quot;:&quot;fadeIn&quot;}\" data-widget_type=\"heading.default\">\n\t\t\t\t<div class=\"elementor-widget-container\">\n\t\t\t\t\t<h2 class=\"elementor-heading-title elementor-size-xl\">Meeresfr\u00fcchte<\/h2>\t\t\t\t<\/div>\n\t\t\t\t<\/div>\n\t\t\t\t<div class=\"elementor-element elementor-element-0534e9d elementor-widget elementor-widget-shortcode\" data-id=\"0534e9d\" data-element_type=\"widget\" data-e-type=\"widget\" data-widget_type=\"shortcode.default\">\n\t\t\t\t<div class=\"elementor-widget-container\">\n\t\t\t\t\t\t\t<div class=\"elementor-shortcode\">[su_accordion] \n\n[su_spoiler title=\"Fischereigenossenschaft Cofrad\u00eda de Pescadores Nuestra Se\u00f1ora de Las Nieves\"]\n<p style=\"font-size:14px\">\nDie Fischereigenossenschaft Cofrad\u00eda de Pescadores Nuestra Se\u00f1ora de Las Nieves, die sich im Fischereihafen von Santa Cruz de La Palma befindet, wurde im Jahr 2000 eingeweiht und hat sich seither st\u00e4ndig weiterentwickelt und an die Zeit angepasst.\n<br \/>\n\nSardinen, Makrelen, Mur\u00e4nen, Papageifische, Lippfische, Brassen, Schleimk\u00f6pfe, S\u00e4gebarsch, Schnapper, Garnelen, Hahnenfisch, Dorsche, Zackenbarsch, Meeraal und viele andere sind die Produkte, die man in der Cofrad\u00eda der Hauptstadt findet.\n<br \/>\n\nAnschrift: <b>Refugio Pesquero, s\/n. Bre\u00f1a Alta<\/b><br \/>\nTelefon: <b> 922 41 19 02<\/b><br \/>\nMail: <b>cofradiascpalma@hotmail.com<\/b><br \/>\n\n<\/p>\n[\/su_spoiler]\n\n[su_spoiler title=\"Cofrad\u00eda de Pescadores de Nuestra Se\u00f1ora del Carmen\"]\n<p style=\"font-size:14px\">\nDie Fischereigenossenschaft Cofrad\u00eda de Pescadores de Nuestra Se\u00f1ora del Carmen befindet sich in der Gemeinde Tazacorte, im Westen von La Palma. Mit einer Flotte von 40 Schiffen arbeiten sie wie auch die Cofrad\u00eda de Pescadores de Nuestra Se\u00f1ora de Las Nieves in der traditionellen Fischerei.\n<br \/>\n\nZu den am meisten gehandelten Arten in dieser Cofrad\u00eda geh\u00f6ren Gambas, Garnelen, Sardinen, Heringe, Papageifisch und die wichtigste Art f\u00fcr den Lebensunterhalt der Inselflotten: der Thunfisch. <br \/>\n\nAnschrift: <b>Refugio Pesquero de la Villa y Puerto de Tazacorte, s\/n. Tazacorte<\/b><br \/>\nTelefon: <b>922 48 05 53 \/ 922 48 10 95<\/b><br \/>\nMail: <b>cofradia.tazacorte@gmail.com<\/b><br \/>\n\n<\/p>\n[\/su_spoiler]\n\n\n\n[\/su_accordion] <\/div>\n\t\t\t\t\t\t<\/div>\n\t\t\t\t<\/div>\n\t\t\t\t\t<\/div>\n\t\t<\/div>\n\t\t\t\t\t<\/div>\n\t\t<\/section>\n\t\t\t\t<section class=\"elementor-section elementor-top-section elementor-element elementor-element-e24131 elementor-section-boxed elementor-section-height-default elementor-section-height-default\" data-id=\"e24131\" data-element_type=\"section\" data-e-type=\"section\">\n\t\t\t\t\t\t<div class=\"elementor-container elementor-column-gap-default\">\n\t\t\t\t\t<div class=\"elementor-column elementor-col-100 elementor-top-column elementor-element elementor-element-3c462f0e\" data-id=\"3c462f0e\" data-element_type=\"column\" data-e-type=\"column\">\n\t\t\t<div class=\"elementor-widget-wrap elementor-element-populated\">\n\t\t\t\t\t\t<div class=\"elementor-element elementor-element-786c7a6b elementor-widget elementor-widget-spacer\" data-id=\"786c7a6b\" data-element_type=\"widget\" data-e-type=\"widget\" data-widget_type=\"spacer.default\">\n\t\t\t\t<div class=\"elementor-widget-container\">\n\t\t\t\t\t\t\t<div class=\"elementor-spacer\">\n\t\t\t<div class=\"elementor-spacer-inner\"><\/div>\n\t\t<\/div>\n\t\t\t\t\t\t<\/div>\n\t\t\t\t<\/div>\n\t\t\t\t\t<\/div>\n\t\t<\/div>\n\t\t\t\t\t<\/div>\n\t\t<\/section>\n\t\t\t\t<\/div>\n\t\t","protected":false},"excerpt":{"rendered":"<p>Verkaufsstellen f\u00fcr Fisch und Meeresfr\u00fcchte Der Einkauf von Fisch und Meeresprodukten auf La Palma konzentriert sich haupts\u00e4chlich auf die Fischereigenossenschaft Cofrad\u00eda de Pescadores Nuestra Se\u00f1ora de Las Nieves in Santa Cruz de La Palma und die Fischereigenossenschaft Nuestra Se\u00f1ora del Carmen in der Gemeinde Tazacorte. Neben diesen Hauptanbietern von Fisch und Meeresfr\u00fcchten gibt es weitere &hellip;<\/p>\n","protected":false},"author":1,"featured_media":0,"parent":0,"menu_order":0,"comment_status":"closed","ping_status":"closed","template":"homepage.php","meta":{"footnotes":""},"class_list":["post-8020","page","type-page","status-publish","hentry"],"aioseo_notices":[],"_links":{"self":[{"href":"https:\/\/mardesaboreslapalma.es\/de\/wp-json\/wp\/v2\/pages\/8020","targetHints":{"allow":["GET"]}}],"collection":[{"href":"https:\/\/mardesaboreslapalma.es\/de\/wp-json\/wp\/v2\/pages"}],"about":[{"href":"https:\/\/mardesaboreslapalma.es\/de\/wp-json\/wp\/v2\/types\/page"}],"author":[{"embeddable":true,"href":"https:\/\/mardesaboreslapalma.es\/de\/wp-json\/wp\/v2\/users\/1"}],"replies":[{"embeddable":true,"href":"https:\/\/mardesaboreslapalma.es\/de\/wp-json\/wp\/v2\/comments?post=8020"}],"version-history":[{"count":23,"href":"https:\/\/mardesaboreslapalma.es\/de\/wp-json\/wp\/v2\/pages\/8020\/revisions"}],"predecessor-version":[{"id":9272,"href":"https:\/\/mardesaboreslapalma.es\/de\/wp-json\/wp\/v2\/pages\/8020\/revisions\/9272"}],"wp:attachment":[{"href":"https:\/\/mardesaboreslapalma.es\/de\/wp-json\/wp\/v2\/media?parent=8020"}],"curies":[{"name":"wp","href":"https:\/\/api.w.org\/{rel}","templated":true}]}}