{"id":8025,"date":"2016-06-27T12:40:22","date_gmt":"2016-06-27T12:40:22","guid":{"rendered":"https:\/\/mardesaboreslapalma.es\/descubre\/"},"modified":"2022-08-11T09:30:44","modified_gmt":"2022-08-11T09:30:44","slug":"entdecken","status":"publish","type":"page","link":"https:\/\/mardesaboreslapalma.es\/de\/entdecken\/","title":{"rendered":"Entdecken"},"content":{"rendered":"\t\t<div data-elementor-type=\"wp-page\" data-elementor-id=\"8025\" class=\"elementor elementor-8025 elementor-4947\">\n\t\t\t\t\t\t<section class=\"elementor-section elementor-top-section elementor-element elementor-element-52eafa30 elementor-section-full_width elementor-section-height-default elementor-section-height-default\" data-id=\"52eafa30\" data-element_type=\"section\" data-e-type=\"section\" id=\"next\">\n\t\t\t\t\t\t<div class=\"elementor-container elementor-column-gap-no\">\n\t\t\t\t\t<div class=\"elementor-column elementor-col-100 elementor-top-column elementor-element elementor-element-1dcadce2\" data-id=\"1dcadce2\" data-element_type=\"column\" data-e-type=\"column\">\n\t\t\t<div class=\"elementor-widget-wrap elementor-element-populated\">\n\t\t\t\t\t\t<div class=\"elementor-element elementor-element-1c220aa elementor-widget elementor-widget-heading\" data-id=\"1c220aa\" data-element_type=\"widget\" data-e-type=\"widget\" data-widget_type=\"heading.default\">\n\t\t\t\t<div class=\"elementor-widget-container\">\n\t\t\t\t\t<p class=\"elementor-heading-title elementor-size-default\">Entdecken<\/p>\t\t\t\t<\/div>\n\t\t\t\t<\/div>\n\t\t\t\t<div class=\"elementor-element elementor-element-6cd1ec17 elementor-widget elementor-widget-heading\" data-id=\"6cd1ec17\" data-element_type=\"widget\" data-e-type=\"widget\" data-widget_type=\"heading.default\">\n\t\t\t\t<div class=\"elementor-widget-container\">\n\t\t\t\t\t<p class=\"elementor-heading-title elementor-size-default\">K\u00fcste und Meer<\/p>\t\t\t\t<\/div>\n\t\t\t\t<\/div>\n\t\t\t\t<section class=\"elementor-section elementor-inner-section elementor-element elementor-element-4ae72387 elementor-section-full_width elementor-section-height-default elementor-section-height-default\" data-id=\"4ae72387\" data-element_type=\"section\" data-e-type=\"section\">\n\t\t\t\t\t\t<div class=\"elementor-container elementor-column-gap-no\">\n\t\t\t\t\t<div class=\"elementor-column elementor-col-33 elementor-inner-column elementor-element elementor-element-57de5ba\" data-id=\"57de5ba\" data-element_type=\"column\" data-e-type=\"column\">\n\t\t\t<div class=\"elementor-widget-wrap elementor-element-populated\">\n\t\t\t\t\t\t<div class=\"elementor-element elementor-element-f7c5ce5 elementor-position-top elementor-widget elementor-widget-image-box\" data-id=\"f7c5ce5\" data-element_type=\"widget\" data-e-type=\"widget\" data-widget_type=\"image-box.default\">\n\t\t\t\t<div class=\"elementor-widget-container\">\n\t\t\t\t\t<div class=\"elementor-image-box-wrapper\"><figure class=\"elementor-image-box-img\"><a href=\"https:\/\/mardesaboreslapalma.es\/de\/entdecken\/sehenswuerdigkeiten-die-mit-dem-meer-in-beziehung-stehen\/\" tabindex=\"-1\"><img fetchpriority=\"high\" decoding=\"async\" width=\"1000\" height=\"749\" src=\"https:\/\/mardesaboreslapalma.es\/wp-content\/uploads\/2022\/07\/salinasdefuencaliente-lapalma.jpg\" class=\"elementor-animation-grow attachment-full size-full wp-image-8437\" alt=\"\" srcset=\"https:\/\/mardesaboreslapalma.es\/wp-content\/uploads\/2022\/07\/salinasdefuencaliente-lapalma.jpg 1000w, https:\/\/mardesaboreslapalma.es\/wp-content\/uploads\/2022\/07\/salinasdefuencaliente-lapalma-300x225.jpg 300w, https:\/\/mardesaboreslapalma.es\/wp-content\/uploads\/2022\/07\/salinasdefuencaliente-lapalma-768x575.jpg 768w\" sizes=\"(max-width: 1000px) 100vw, 1000px\" \/><\/a><\/figure><div class=\"elementor-image-box-content\"><h4 class=\"elementor-image-box-title\"><a href=\"https:\/\/mardesaboreslapalma.es\/de\/entdecken\/sehenswuerdigkeiten-die-mit-dem-meer-in-beziehung-stehen\/\">Sehensw\u00fcrdigkeiten, die mit dem Meer in Beziehung stehen<\/a><\/h4><\/div><\/div>\t\t\t\t<\/div>\n\t\t\t\t<\/div>\n\t\t\t\t\t<\/div>\n\t\t<\/div>\n\t\t\t\t<div class=\"elementor-column elementor-col-33 elementor-inner-column elementor-element elementor-element-236caf17\" data-id=\"236caf17\" data-element_type=\"column\" data-e-type=\"column\">\n\t\t\t<div class=\"elementor-widget-wrap elementor-element-populated\">\n\t\t\t\t\t\t<div class=\"elementor-element elementor-element-7205afb3 elementor-position-top elementor-widget elementor-widget-image-box\" data-id=\"7205afb3\" data-element_type=\"widget\" data-e-type=\"widget\" data-widget_type=\"image-box.default\">\n\t\t\t\t<div class=\"elementor-widget-container\">\n\t\t\t\t\t<div class=\"elementor-image-box-wrapper\"><figure class=\"elementor-image-box-img\"><a href=\"https:\/\/mardesaboreslapalma.es\/de\/entdecken\/haefen-und-anlegestellen\/\" tabindex=\"-1\"><img decoding=\"async\" width=\"1000\" height=\"749\" src=\"https:\/\/mardesaboreslapalma.es\/wp-content\/uploads\/2022\/07\/embarcaderos-talabera.jpg\" class=\"elementor-animation-grow attachment-full size-full wp-image-7501\" alt=\"Embarcadero Talavera\" srcset=\"https:\/\/mardesaboreslapalma.es\/wp-content\/uploads\/2022\/07\/embarcaderos-talabera.jpg 1000w, https:\/\/mardesaboreslapalma.es\/wp-content\/uploads\/2022\/07\/embarcaderos-talabera-300x225.jpg 300w, https:\/\/mardesaboreslapalma.es\/wp-content\/uploads\/2022\/07\/embarcaderos-talabera-768x575.jpg 768w\" sizes=\"(max-width: 1000px) 100vw, 1000px\" \/><\/a><\/figure><div class=\"elementor-image-box-content\"><h4 class=\"elementor-image-box-title\"><a href=\"https:\/\/mardesaboreslapalma.es\/de\/entdecken\/haefen-und-anlegestellen\/\">H\u00e4fen und Anlegestellen<\/a><\/h4><\/div><\/div>\t\t\t\t<\/div>\n\t\t\t\t<\/div>\n\t\t\t\t\t<\/div>\n\t\t<\/div>\n\t\t\t\t<div class=\"elementor-column elementor-col-33 elementor-inner-column elementor-element elementor-element-6e085b9\" data-id=\"6e085b9\" data-element_type=\"column\" data-e-type=\"column\">\n\t\t\t<div class=\"elementor-widget-wrap elementor-element-populated\">\n\t\t\t\t\t\t<div class=\"elementor-element elementor-element-1b5fa10 elementor-position-top elementor-widget elementor-widget-image-box\" data-id=\"1b5fa10\" data-element_type=\"widget\" data-e-type=\"widget\" data-widget_type=\"image-box.default\">\n\t\t\t\t<div class=\"elementor-widget-container\">\n\t\t\t\t\t<div class=\"elementor-image-box-wrapper\"><figure class=\"elementor-image-box-img\"><a href=\"https:\/\/mardesaboreslapalma.es\/de\/entdecken\/geschichte\/\" tabindex=\"-1\"><img decoding=\"async\" width=\"1000\" height=\"749\" src=\"https:\/\/mardesaboreslapalma.es\/wp-content\/uploads\/2022\/07\/historia.jpg\" class=\"elementor-animation-grow attachment-full size-full wp-image-7508\" alt=\"Puerto de Tazacorte\" srcset=\"https:\/\/mardesaboreslapalma.es\/wp-content\/uploads\/2022\/07\/historia.jpg 1000w, https:\/\/mardesaboreslapalma.es\/wp-content\/uploads\/2022\/07\/historia-300x225.jpg 300w, https:\/\/mardesaboreslapalma.es\/wp-content\/uploads\/2022\/07\/historia-768x575.jpg 768w\" sizes=\"(max-width: 1000px) 100vw, 1000px\" \/><\/a><\/figure><div class=\"elementor-image-box-content\"><h4 class=\"elementor-image-box-title\"><a href=\"https:\/\/mardesaboreslapalma.es\/de\/entdecken\/geschichte\/\">Geschichte<\/a><\/h4><\/div><\/div>\t\t\t\t<\/div>\n\t\t\t\t<\/div>\n\t\t\t\t\t<\/div>\n\t\t<\/div>\n\t\t\t\t\t<\/div>\n\t\t<\/section>\n\t\t\t\t<section class=\"elementor-section elementor-inner-section elementor-element elementor-element-8907db4 elementor-section-full_width elementor-section-height-default elementor-section-height-default\" data-id=\"8907db4\" data-element_type=\"section\" data-e-type=\"section\">\n\t\t\t\t\t\t<div class=\"elementor-container elementor-column-gap-no\">\n\t\t\t\t\t<div class=\"elementor-column elementor-col-33 elementor-inner-column elementor-element elementor-element-1d1c6584\" data-id=\"1d1c6584\" data-element_type=\"column\" data-e-type=\"column\">\n\t\t\t<div class=\"elementor-widget-wrap elementor-element-populated\">\n\t\t\t\t\t\t<div class=\"elementor-element elementor-element-248efe2d elementor-position-top elementor-widget elementor-widget-image-box\" data-id=\"248efe2d\" data-element_type=\"widget\" data-e-type=\"widget\" data-widget_type=\"image-box.default\">\n\t\t\t\t<div class=\"elementor-widget-container\">\n\t\t\t\t\t<div class=\"elementor-image-box-wrapper\"><figure class=\"elementor-image-box-img\"><a href=\"https:\/\/mardesaboreslapalma.es\/de\/entdecken\/aussichtspunkte\" tabindex=\"-1\"><img loading=\"lazy\" decoding=\"async\" width=\"1000\" height=\"749\" src=\"https:\/\/mardesaboreslapalma.es\/wp-content\/uploads\/2022\/07\/tijarafe-mirador-lassalinas.jpg\" class=\"elementor-animation-grow attachment-full size-full wp-image-7442\" alt=\"Mirador Las Salinas, Tijarafe\" srcset=\"https:\/\/mardesaboreslapalma.es\/wp-content\/uploads\/2022\/07\/tijarafe-mirador-lassalinas.jpg 1000w, https:\/\/mardesaboreslapalma.es\/wp-content\/uploads\/2022\/07\/tijarafe-mirador-lassalinas-300x225.jpg 300w, https:\/\/mardesaboreslapalma.es\/wp-content\/uploads\/2022\/07\/tijarafe-mirador-lassalinas-768x575.jpg 768w\" sizes=\"(max-width: 1000px) 100vw, 1000px\" \/><\/a><\/figure><div class=\"elementor-image-box-content\"><h4 class=\"elementor-image-box-title\"><a href=\"https:\/\/mardesaboreslapalma.es\/de\/entdecken\/aussichtspunkte\">Aussichtspunkte<\/a><\/h4><\/div><\/div>\t\t\t\t<\/div>\n\t\t\t\t<\/div>\n\t\t\t\t\t<\/div>\n\t\t<\/div>\n\t\t\t\t<div class=\"elementor-column elementor-col-33 elementor-inner-column elementor-element elementor-element-5a52bd45\" data-id=\"5a52bd45\" data-element_type=\"column\" data-e-type=\"column\">\n\t\t\t<div class=\"elementor-widget-wrap elementor-element-populated\">\n\t\t\t\t\t\t<div class=\"elementor-element elementor-element-40575909 elementor-position-top elementor-widget elementor-widget-image-box\" data-id=\"40575909\" data-element_type=\"widget\" data-e-type=\"widget\" data-widget_type=\"image-box.default\">\n\t\t\t\t<div class=\"elementor-widget-container\">\n\t\t\t\t\t<div class=\"elementor-image-box-wrapper\"><figure class=\"elementor-image-box-img\"><a href=\"https:\/\/mardesaboreslapalma.es\/de\/entdecken\/landschaften\/\" tabindex=\"-1\"><img loading=\"lazy\" decoding=\"async\" width=\"1000\" height=\"749\" src=\"https:\/\/mardesaboreslapalma.es\/wp-content\/uploads\/2022\/07\/mirador-time-volcantajogaite.jpg\" class=\"elementor-animation-grow attachment-full size-full wp-image-8406\" alt=\"\" srcset=\"https:\/\/mardesaboreslapalma.es\/wp-content\/uploads\/2022\/07\/mirador-time-volcantajogaite.jpg 1000w, https:\/\/mardesaboreslapalma.es\/wp-content\/uploads\/2022\/07\/mirador-time-volcantajogaite-300x225.jpg 300w, https:\/\/mardesaboreslapalma.es\/wp-content\/uploads\/2022\/07\/mirador-time-volcantajogaite-768x575.jpg 768w\" sizes=\"(max-width: 1000px) 100vw, 1000px\" \/><\/a><\/figure><div class=\"elementor-image-box-content\"><h4 class=\"elementor-image-box-title\"><a href=\"https:\/\/mardesaboreslapalma.es\/de\/entdecken\/landschaften\/\">Landschaften<\/a><\/h4><\/div><\/div>\t\t\t\t<\/div>\n\t\t\t\t<\/div>\n\t\t\t\t\t<\/div>\n\t\t<\/div>\n\t\t\t\t<div class=\"elementor-column elementor-col-33 elementor-inner-column elementor-element elementor-element-dc5f864\" data-id=\"dc5f864\" data-element_type=\"column\" data-e-type=\"column\">\n\t\t\t<div class=\"elementor-widget-wrap elementor-element-populated\">\n\t\t\t\t\t\t<div class=\"elementor-element elementor-element-098979c elementor-position-top elementor-widget elementor-widget-image-box\" data-id=\"098979c\" data-element_type=\"widget\" data-e-type=\"widget\" data-widget_type=\"image-box.default\">\n\t\t\t\t<div class=\"elementor-widget-container\">\n\t\t\t\t\t<div class=\"elementor-image-box-wrapper\"><figure class=\"elementor-image-box-img\"><a href=\"https:\/\/mardesaboreslapalma.es\/de\/entdecken\/meeresschutzgebiet\/\" tabindex=\"-1\"><img loading=\"lazy\" decoding=\"async\" width=\"1000\" height=\"749\" src=\"https:\/\/mardesaboreslapalma.es\/wp-content\/uploads\/2022\/07\/reserva-marina-lapalma.jpg\" class=\"elementor-animation-grow attachment-full size-full wp-image-7456\" alt=\"Reserva Marina\" srcset=\"https:\/\/mardesaboreslapalma.es\/wp-content\/uploads\/2022\/07\/reserva-marina-lapalma.jpg 1000w, https:\/\/mardesaboreslapalma.es\/wp-content\/uploads\/2022\/07\/reserva-marina-lapalma-300x225.jpg 300w, https:\/\/mardesaboreslapalma.es\/wp-content\/uploads\/2022\/07\/reserva-marina-lapalma-768x575.jpg 768w\" sizes=\"(max-width: 1000px) 100vw, 1000px\" \/><\/a><\/figure><div class=\"elementor-image-box-content\"><h4 class=\"elementor-image-box-title\"><a href=\"https:\/\/mardesaboreslapalma.es\/de\/entdecken\/meeresschutzgebiet\/\">Meeresschutzgebiet<\/a><\/h4><\/div><\/div>\t\t\t\t<\/div>\n\t\t\t\t<\/div>\n\t\t\t\t\t<\/div>\n\t\t<\/div>\n\t\t\t\t\t<\/div>\n\t\t<\/section>\n\t\t\t\t\t<\/div>\n\t\t<\/div>\n\t\t\t\t\t<\/div>\n\t\t<\/section>\n\t\t\t\t<\/div>\n\t\t","protected":false},"excerpt":{"rendered":"<p>Entdecken K\u00fcste und Meer Sehensw\u00fcrdigkeiten, die mit dem Meer in Beziehung stehen H\u00e4fen und Anlegestellen Geschichte Aussichtspunkte Landschaften Meeresschutzgebiet<\/p>\n","protected":false},"author":1,"featured_media":0,"parent":0,"menu_order":0,"comment_status":"closed","ping_status":"closed","template":"homepage.php","meta":{"footnotes":""},"class_list":["post-8025","page","type-page","status-publish","hentry"],"aioseo_notices":[],"_links":{"self":[{"href":"https:\/\/mardesaboreslapalma.es\/de\/wp-json\/wp\/v2\/pages\/8025","targetHints":{"allow":["GET"]}}],"collection":[{"href":"https:\/\/mardesaboreslapalma.es\/de\/wp-json\/wp\/v2\/pages"}],"about":[{"href":"https:\/\/mardesaboreslapalma.es\/de\/wp-json\/wp\/v2\/types\/page"}],"author":[{"embeddable":true,"href":"https:\/\/mardesaboreslapalma.es\/de\/wp-json\/wp\/v2\/users\/1"}],"replies":[{"embeddable":true,"href":"https:\/\/mardesaboreslapalma.es\/de\/wp-json\/wp\/v2\/comments?post=8025"}],"version-history":[{"count":16,"href":"https:\/\/mardesaboreslapalma.es\/de\/wp-json\/wp\/v2\/pages\/8025\/revisions"}],"predecessor-version":[{"id":9132,"href":"https:\/\/mardesaboreslapalma.es\/de\/wp-json\/wp\/v2\/pages\/8025\/revisions\/9132"}],"wp:attachment":[{"href":"https:\/\/mardesaboreslapalma.es\/de\/wp-json\/wp\/v2\/media?parent=8025"}],"curies":[{"name":"wp","href":"https:\/\/api.w.org\/{rel}","templated":true}]}}