{"id":8783,"date":"2022-07-12T11:03:05","date_gmt":"2022-07-12T11:03:05","guid":{"rendered":"https:\/\/mardesaboreslapalma.es\/?page_id=8783"},"modified":"2022-08-11T09:37:52","modified_gmt":"2022-08-11T09:37:52","slug":"traditionen-und-feste","status":"publish","type":"page","link":"https:\/\/mardesaboreslapalma.es\/de\/entdecken\/traditionen-und-feste\/","title":{"rendered":"Traditionen und Feste"},"content":{"rendered":"\t\t<div data-elementor-type=\"wp-page\" data-elementor-id=\"8783\" class=\"elementor elementor-8783 elementor-7340\">\n\t\t\t\t\t\t<section class=\"elementor-section elementor-top-section elementor-element elementor-element-58f46724 elementor-section-height-min-height elementor-section-items-stretch elementor-section-content-middle elementor-section-boxed elementor-section-height-default\" data-id=\"58f46724\" data-element_type=\"section\" data-e-type=\"section\" data-settings=\"{&quot;background_background&quot;:&quot;classic&quot;}\">\n\t\t\t\t\t\t<div class=\"elementor-container elementor-column-gap-no\">\n\t\t\t\t\t<div class=\"elementor-column elementor-col-50 elementor-top-column elementor-element elementor-element-338a8294\" data-id=\"338a8294\" data-element_type=\"column\" data-e-type=\"column\">\n\t\t\t<div class=\"elementor-widget-wrap elementor-element-populated\">\n\t\t\t\t\t\t<div class=\"elementor-element elementor-element-55a976d4 elementor-widget elementor-widget-heading\" data-id=\"55a976d4\" data-element_type=\"widget\" data-e-type=\"widget\" data-widget_type=\"heading.default\">\n\t\t\t\t<div class=\"elementor-widget-container\">\n\t\t\t\t\t<h1 class=\"elementor-heading-title elementor-size-default\">Traditionen und Feste <\/h1>\t\t\t\t<\/div>\n\t\t\t\t<\/div>\n\t\t\t\t\t<\/div>\n\t\t<\/div>\n\t\t\t\t<div class=\"elementor-column elementor-col-50 elementor-top-column elementor-element elementor-element-7cc65650\" data-id=\"7cc65650\" data-element_type=\"column\" data-e-type=\"column\">\n\t\t\t<div class=\"elementor-widget-wrap elementor-element-populated\">\n\t\t\t\t\t\t<div class=\"elementor-element elementor-element-20489bf8 elementor-widget elementor-widget-image\" data-id=\"20489bf8\" data-element_type=\"widget\" data-e-type=\"widget\" data-widget_type=\"image.default\">\n\t\t\t\t<div class=\"elementor-widget-container\">\n\t\t\t\t\t\t\t\t\t\t\t\t\t\t\t<img fetchpriority=\"high\" decoding=\"async\" width=\"750\" height=\"562\" src=\"https:\/\/mardesaboreslapalma.es\/wp-content\/uploads\/2022\/07\/fiestas.jpg\" class=\"attachment-large size-large wp-image-7462\" alt=\"\" srcset=\"https:\/\/mardesaboreslapalma.es\/wp-content\/uploads\/2022\/07\/fiestas.jpg 1000w, https:\/\/mardesaboreslapalma.es\/wp-content\/uploads\/2022\/07\/fiestas-300x225.jpg 300w, https:\/\/mardesaboreslapalma.es\/wp-content\/uploads\/2022\/07\/fiestas-768x575.jpg 768w\" sizes=\"(max-width: 750px) 100vw, 750px\" \/>\t\t\t\t\t\t\t\t\t\t\t\t\t\t\t<\/div>\n\t\t\t\t<\/div>\n\t\t\t\t\t<\/div>\n\t\t<\/div>\n\t\t\t\t\t<\/div>\n\t\t<\/section>\n\t\t\t\t<section class=\"elementor-section elementor-top-section elementor-element elementor-element-23ca665d elementor-section-full_width elementor-section-content-middle elementor-reverse-tablet elementor-reverse-mobile elementor-section-height-default elementor-section-height-default\" data-id=\"23ca665d\" data-element_type=\"section\" data-e-type=\"section\">\n\t\t\t\t\t\t<div class=\"elementor-container elementor-column-gap-no\">\n\t\t\t\t\t<div class=\"elementor-column elementor-col-25 elementor-top-column elementor-element elementor-element-7bb9d931\" data-id=\"7bb9d931\" data-element_type=\"column\" data-e-type=\"column\">\n\t\t\t<div class=\"elementor-widget-wrap elementor-element-populated\">\n\t\t\t\t\t\t<div class=\"elementor-element elementor-element-5a5f6a98 elementor-widget elementor-widget-image\" data-id=\"5a5f6a98\" data-element_type=\"widget\" data-e-type=\"widget\" data-widget_type=\"image.default\">\n\t\t\t\t<div class=\"elementor-widget-container\">\n\t\t\t\t\t\t\t\t\t\t\t\t\t\t\t\t<a href=\"https:\/\/mardesaboreslapalma.es\/wp-content\/uploads\/2022\/07\/morosycristianos.jpg\" data-elementor-open-lightbox=\"yes\" data-elementor-lightbox-title=\"morosycristianos\" data-e-action-hash=\"#elementor-action%3Aaction%3Dlightbox%26settings%3DeyJpZCI6NzYwOSwidXJsIjoiaHR0cHM6XC9cL21hcmRlc2Fib3Jlc2xhcGFsbWEuZXNcL3dwLWNvbnRlbnRcL3VwbG9hZHNcLzIwMjJcLzA3XC9tb3Jvc3ljcmlzdGlhbm9zLmpwZyJ9\">\n\t\t\t\t\t\t\t<img decoding=\"async\" width=\"750\" height=\"562\" src=\"https:\/\/mardesaboreslapalma.es\/wp-content\/uploads\/2022\/07\/morosycristianos.jpg\" class=\"attachment-large size-large wp-image-7609\" alt=\"Santa Cruz de La Palma\" srcset=\"https:\/\/mardesaboreslapalma.es\/wp-content\/uploads\/2022\/07\/morosycristianos.jpg 1000w, https:\/\/mardesaboreslapalma.es\/wp-content\/uploads\/2022\/07\/morosycristianos-300x225.jpg 300w, https:\/\/mardesaboreslapalma.es\/wp-content\/uploads\/2022\/07\/morosycristianos-768x575.jpg 768w\" sizes=\"(max-width: 750px) 100vw, 750px\" \/>\t\t\t\t\t\t\t\t<\/a>\n\t\t\t\t\t\t\t\t\t\t\t\t\t\t\t<\/div>\n\t\t\t\t<\/div>\n\t\t\t\t\t<\/div>\n\t\t<\/div>\n\t\t\t\t<div class=\"elementor-column elementor-col-25 elementor-top-column elementor-element elementor-element-1df67c3c\" data-id=\"1df67c3c\" data-element_type=\"column\" data-e-type=\"column\">\n\t\t\t<div class=\"elementor-widget-wrap elementor-element-populated\">\n\t\t\t\t\t\t<div class=\"elementor-element elementor-element-25eb49e3 elementor-widget elementor-widget-image\" data-id=\"25eb49e3\" data-element_type=\"widget\" data-e-type=\"widget\" data-widget_type=\"image.default\">\n\t\t\t\t<div class=\"elementor-widget-container\">\n\t\t\t\t\t\t\t\t\t\t\t\t\t\t\t\t<a href=\"https:\/\/mardesaboreslapalma.es\/wp-content\/uploads\/2022\/07\/fiestadelagua.jpg\" data-elementor-open-lightbox=\"yes\" data-elementor-lightbox-title=\"fiestadelagua\" data-e-action-hash=\"#elementor-action%3Aaction%3Dlightbox%26settings%3DeyJpZCI6NzYwNiwidXJsIjoiaHR0cHM6XC9cL21hcmRlc2Fib3Jlc2xhcGFsbWEuZXNcL3dwLWNvbnRlbnRcL3VwbG9hZHNcLzIwMjJcLzA3XC9maWVzdGFkZWxhZ3VhLmpwZyJ9\">\n\t\t\t\t\t\t\t<img decoding=\"async\" width=\"750\" height=\"562\" src=\"https:\/\/mardesaboreslapalma.es\/wp-content\/uploads\/2022\/07\/fiestadelagua.jpg\" class=\"attachment-large size-large wp-image-7606\" alt=\"Fiesta del Agua, Puerto Naos\" srcset=\"https:\/\/mardesaboreslapalma.es\/wp-content\/uploads\/2022\/07\/fiestadelagua.jpg 1000w, https:\/\/mardesaboreslapalma.es\/wp-content\/uploads\/2022\/07\/fiestadelagua-300x225.jpg 300w, https:\/\/mardesaboreslapalma.es\/wp-content\/uploads\/2022\/07\/fiestadelagua-768x575.jpg 768w\" sizes=\"(max-width: 750px) 100vw, 750px\" \/>\t\t\t\t\t\t\t\t<\/a>\n\t\t\t\t\t\t\t\t\t\t\t\t\t\t\t<\/div>\n\t\t\t\t<\/div>\n\t\t\t\t<div class=\"elementor-element elementor-element-50322c0 elementor-widget elementor-widget-image\" data-id=\"50322c0\" data-element_type=\"widget\" data-e-type=\"widget\" data-widget_type=\"image.default\">\n\t\t\t\t<div class=\"elementor-widget-container\">\n\t\t\t\t\t\t\t\t\t\t\t\t\t\t\t\t<a href=\"https:\/\/mardesaboreslapalma.es\/wp-content\/uploads\/2022\/07\/borrar.jpg\" data-elementor-open-lightbox=\"yes\" data-e-action-hash=\"#elementor-action%3Aaction%3Dlightbox%26settings%3DeyJpZCI6NzYwMSwidXJsIjpmYWxzZX0%3D\">\n\t\t\t\t\t\t\t<img decoding=\"async\" src=\"https:\/\/mardesaboreslapalma.es\/wp-content\/uploads\/2022\/07\/borrar.jpg\" title=\"\" alt=\"\" loading=\"lazy\" \/>\t\t\t\t\t\t\t\t<\/a>\n\t\t\t\t\t\t\t\t\t\t\t\t\t\t\t<\/div>\n\t\t\t\t<\/div>\n\t\t\t\t\t<\/div>\n\t\t<\/div>\n\t\t\t\t<div class=\"elementor-column elementor-col-50 elementor-top-column elementor-element elementor-element-64cc0471\" data-id=\"64cc0471\" data-element_type=\"column\" data-e-type=\"column\">\n\t\t\t<div class=\"elementor-widget-wrap elementor-element-populated\">\n\t\t\t\t\t\t<div class=\"elementor-element elementor-element-60600950 elementor-widget elementor-widget-text-editor\" data-id=\"60600950\" data-element_type=\"widget\" data-e-type=\"widget\" data-widget_type=\"text-editor.default\">\n\t\t\t\t<div class=\"elementor-widget-container\">\n\t\t\t\t\t\t\t\t\t<h3 class=\"western\">Dialog zwischen dem Schiff und dem Schloss (Santa Cruz de La Palma)<\/h3>\nDer Dialog zwischen dem Schiff und dem Schloss ist eine der traditionellen Veranstaltungen im Rahmen der Feierlichkeiten zur Bajada de la Virgen de Las Nieves, die alle f\u00fcnf Jahre in der Hauptstadt von La Palma stattfindet. Die einzige Ausnahme, in der dieses Fest nicht stattfand, war im Jahr 2020 aufgrund der durch COVID-19 verursachten Pandemie.\n<BR \/>\n<BR \/>\n \nDieser Festakt findet in dem Moment statt, in dem die feierliche Prozession am Sonntagmorgen der Gro\u00dfen Woche vor dem Schiff der Heiligen Jungfrau vorbeizieht, bevor das Bildnis der Jungfrau die Stra\u00dfe Calle Real betritt.\t\t\t\t\t\t\t\t<\/div>\n\t\t\t\t<\/div>\n\t\t\t\t\t<\/div>\n\t\t<\/div>\n\t\t\t\t\t<\/div>\n\t\t<\/section>\n\t\t\t\t<section class=\"elementor-section elementor-top-section elementor-element elementor-element-5ca55a4 elementor-section-boxed elementor-section-height-default elementor-section-height-default\" data-id=\"5ca55a4\" data-element_type=\"section\" data-e-type=\"section\">\n\t\t\t\t\t\t<div class=\"elementor-container elementor-column-gap-default\">\n\t\t\t\t\t<div class=\"elementor-column elementor-col-50 elementor-top-column elementor-element elementor-element-9faa317\" data-id=\"9faa317\" data-element_type=\"column\" data-e-type=\"column\">\n\t\t\t<div class=\"elementor-widget-wrap elementor-element-populated\">\n\t\t\t\t\t\t<div class=\"elementor-element elementor-element-7c2813b elementor-widget elementor-widget-text-editor\" data-id=\"7c2813b\" data-element_type=\"widget\" data-e-type=\"widget\" data-widget_type=\"text-editor.default\">\n\t\t\t\t<div class=\"elementor-widget-container\">\n\t\t\t\t\t\t\t\t\t<h3 class=\"western\">Die Schlacht von Lepanto (Barlovento)<\/h3>\nDie n\u00f6rdliche Gemeinde feiert die Nachstellung der Schlacht von Lepanto, eines Seekriegsereignisses, das 1571 vor der antiken Stadt Lepanto, dem heutigen Naupacto, stattfand. Die Feierlichkeiten finden alle zwei bis drei Jahre statt, damit sie nicht mit den Fiestas de la Bajada de la Virgen de Las Nieves zusammenfallen.\n<br \/>\n<br \/>\n\nJedes Mal werden die Personen, die an dieser symbolhaften Darbietung teilnehmen, ausgetauscht und sie ist Teil der Feierlichkeiten des Patronatsfestes zu Ehren der Virgen del Rosario. Das Fest ist auch unter dem Namen El Barco (Das Schiff) oder Los Moros y Cristianos (Die Mauren und die Christen) bekannt. Diese Tradition wird von Generation zu Generation weitergegeben. Es ist eine einzigartige kulturelle Manifestation, die sich von anderen Referenzen auf die historische Episode, auf die sie anspielt, die an anderen Orten stattfinden, unterscheidet.\t\t\t\t\t\t\t\t<\/div>\n\t\t\t\t<\/div>\n\t\t\t\t\t<\/div>\n\t\t<\/div>\n\t\t\t\t<div class=\"elementor-column elementor-col-50 elementor-top-column elementor-element elementor-element-27e26f9\" data-id=\"27e26f9\" data-element_type=\"column\" data-e-type=\"column\">\n\t\t\t<div class=\"elementor-widget-wrap elementor-element-populated\">\n\t\t\t\t\t\t<div class=\"elementor-element elementor-element-549e26d elementor-widget elementor-widget-text-editor\" data-id=\"549e26d\" data-element_type=\"widget\" data-e-type=\"widget\" data-widget_type=\"text-editor.default\">\n\t\t\t\t<div class=\"elementor-widget-container\">\n\t\t\t\t\t\t\t\t\t<h3 class=\"western\">Wasserfest (Los Llanos de Aridane)<\/h3>\nJedes Jahr findet in der Avenida Mar\u00edtima von Puerto Naos das Wasserfest statt. Ein Tag ganz im Zeichen der Musik und des Wassers im Zentrum von Los Llanos de Aridane, der sich im Laufe der Jahre immer weiter etabliert hat.\t\t\t\t\t\t\t\t<\/div>\n\t\t\t\t<\/div>\n\t\t\t\t\t<\/div>\n\t\t<\/div>\n\t\t\t\t\t<\/div>\n\t\t<\/section>\n\t\t\t\t<section class=\"elementor-section elementor-top-section elementor-element elementor-element-7ff4ce8 elementor-section-boxed elementor-section-height-default elementor-section-height-default\" data-id=\"7ff4ce8\" data-element_type=\"section\" data-e-type=\"section\">\n\t\t\t\t\t\t<div class=\"elementor-container elementor-column-gap-default\">\n\t\t\t\t\t<div class=\"elementor-column elementor-col-50 elementor-top-column elementor-element elementor-element-9a23f11\" data-id=\"9a23f11\" data-element_type=\"column\" data-e-type=\"column\">\n\t\t\t<div class=\"elementor-widget-wrap elementor-element-populated\">\n\t\t\t\t\t\t<div class=\"elementor-element elementor-element-6a59251 elementor-widget elementor-widget-text-editor\" data-id=\"6a59251\" data-element_type=\"widget\" data-e-type=\"widget\" data-widget_type=\"text-editor.default\">\n\t\t\t\t<div class=\"elementor-widget-container\">\n\t\t\t\t\t\t\t\t\t<h3 class=\"western\">Feierlichkeiten zu Ehren der Virgen de La Luz und San Telmo (Santa Cruz de La Palma)<\/h3>\nDieses Viertel der Hauptstadt feiert seine traditionellen Feste, die ihren Ursprung im 17. Jahrhundert haben und sich seit jeher gro\u00dfer Beliebtheit erfreuen, da sie von den Gewerbetreibenden rund um das Meer organisiert werden, die ihren Gesch\u00e4ftssitz in der N\u00e4he der Kapelle haben.\n<br \/>\n<br \/>\nDas Fest hat ein umfangreiches Programm an Freizeit und religi\u00f6sen Aktivit\u00e4ten, dessen wichtigster Tag die feierliche Prozession der Bildnisse der Virgen de La Luz und von San Telmo durch die Hauptstra\u00dfen des Viertels ist, wo die Einheimischen noch den alten Brauch pflegen, plastische Bilder darzustellen, w\u00e4hrend die Bildnisse vorbeiziehen.\n<br \/>\n<br \/>\nBemerkenswert ist die eindeutige Verbindung zwischen dem Heiligen und dem Meer durch die f\u00fcr die Darstellung dieser Verehrung gew\u00e4hlte Symbolik: Die Darstellung einer Galeone (schweres Handelsschiff), aus derem Inneren der Heilige auftaucht.\t\t\t\t\t\t\t\t<\/div>\n\t\t\t\t<\/div>\n\t\t\t\t\t<\/div>\n\t\t<\/div>\n\t\t\t\t<div class=\"elementor-column elementor-col-50 elementor-top-column elementor-element elementor-element-dec4d85\" data-id=\"dec4d85\" data-element_type=\"column\" data-e-type=\"column\">\n\t\t\t<div class=\"elementor-widget-wrap elementor-element-populated\">\n\t\t\t\t\t\t<div class=\"elementor-element elementor-element-d5ea6ec elementor-widget elementor-widget-text-editor\" data-id=\"d5ea6ec\" data-element_type=\"widget\" data-e-type=\"widget\" data-widget_type=\"text-editor.default\">\n\t\t\t\t<div class=\"elementor-widget-container\">\n\t\t\t\t\t\t\t\t\t<h3 class=\"western\">Feierlichkeiten zu Ehren der Heiligen Jungfrau Virgen del Carmen  (Tazacorte)<\/h3>\nDie Feierlichkeiten zu Ehren von Nuestra Se\u00f1ora del Carmen in Puerto de Tazacorte finden j\u00e4hrlich anl\u00e4sslich ihres Namenstages am 16. Juli statt.\n<br \/>\n<br \/>\nVon besonderer Bedeutung im Programm sind die Wettk\u00e4mpfe auf dem Meer, u.a. in den Bereichen Fischerei, Segeln und Schwimmen. Au\u00dferdem gibt es Veranstaltungen f\u00fcr Kinder und Senioren sowie Freizeit- und Kulturveranstaltungen.\nDas zentrale und repr\u00e4sentativste Ereignis der Fiestas del Carmen findet am 16. Juli statt, wenn die traditionelle maritime Prozession von der alten Mole Juan Graje zum neuen Hafen Puerto Refugio stattfindet. An diesem Tag wird die Heilige Messe auf der Explanada del Refugio gefeiert, und wenn die Prozession zur\u00fcckkehrt, kann man ein Feuerwerk genie\u00dfen, bevor die Jungfrau in ihren Tempel einzieht.\n\t\t\t\t\t\t\t\t<\/div>\n\t\t\t\t<\/div>\n\t\t\t\t\t<\/div>\n\t\t<\/div>\n\t\t\t\t\t<\/div>\n\t\t<\/section>\n\t\t\t\t<section class=\"elementor-section elementor-top-section elementor-element elementor-element-61c956c elementor-section-full_width elementor-section-content-middle elementor-reverse-tablet elementor-reverse-mobile elementor-section-height-default elementor-section-height-default\" data-id=\"61c956c\" data-element_type=\"section\" data-e-type=\"section\">\n\t\t\t\t\t\t<div class=\"elementor-container elementor-column-gap-no\">\n\t\t\t\t\t<div class=\"elementor-column elementor-col-100 elementor-top-column elementor-element elementor-element-05818bd\" data-id=\"05818bd\" data-element_type=\"column\" data-e-type=\"column\">\n\t\t\t<div class=\"elementor-widget-wrap\">\n\t\t\t\t\t\t\t<\/div>\n\t\t<\/div>\n\t\t\t\t\t<\/div>\n\t\t<\/section>\n\t\t\t\t<section class=\"elementor-section elementor-top-section elementor-element elementor-element-10839fba elementor-section-content-middle elementor-reverse-tablet elementor-reverse-mobile elementor-section-boxed elementor-section-height-default elementor-section-height-default elementor-invisible\" data-id=\"10839fba\" data-element_type=\"section\" data-e-type=\"section\" data-settings=\"{&quot;background_background&quot;:&quot;classic&quot;,&quot;animation&quot;:&quot;fadeIn&quot;}\">\n\t\t\t\t\t\t<div class=\"elementor-container elementor-column-gap-no\">\n\t\t\t\t\t<div class=\"elementor-column elementor-col-100 elementor-top-column elementor-element elementor-element-147e3d01\" data-id=\"147e3d01\" data-element_type=\"column\" data-e-type=\"column\">\n\t\t\t<div class=\"elementor-widget-wrap elementor-element-populated\">\n\t\t\t\t\t\t<div class=\"elementor-element elementor-element-74dc193b elementor-widget elementor-widget-heading\" data-id=\"74dc193b\" data-element_type=\"widget\" data-e-type=\"widget\" data-widget_type=\"heading.default\">\n\t\t\t\t<div class=\"elementor-widget-container\">\n\t\t\t\t\t<h3 class=\"elementor-heading-title elementor-size-default\"><h3 class=\"elementor-heading-title elementor-size-default elementor-inline-editing pen\" data-elementor-setting-key=\"title\" data-pen-placeholder=\"Teclea aqu\u00ed...\" style=\"font-weight: 500;font-size: 43px;letter-spacing: normal\">Entdecken Sie La Palma. K\u00fcste und meer<\/h3><\/h3>\t\t\t\t<\/div>\n\t\t\t\t<\/div>\n\t\t\t\t<div class=\"elementor-element elementor-element-354268e0 elementor-mobile-align-center elementor-align-center elementor-widget elementor-widget-button\" data-id=\"354268e0\" data-element_type=\"widget\" data-e-type=\"widget\" data-widget_type=\"button.default\">\n\t\t\t\t<div class=\"elementor-widget-container\">\n\t\t\t\t\t\t\t\t\t<div class=\"elementor-button-wrapper\">\n\t\t\t\t\t<a class=\"elementor-button elementor-button-link elementor-size-sm\" href=\"https:\/\/mardesaboreslapalma.es\/de\/entdecken\/\">\n\t\t\t\t\t\t<span class=\"elementor-button-content-wrapper\">\n\t\t\t\t\t\t\t\t\t<span class=\"elementor-button-text\">Entdecken<\/span>\n\t\t\t\t\t<\/span>\n\t\t\t\t\t<\/a>\n\t\t\t\t<\/div>\n\t\t\t\t\t\t\t\t<\/div>\n\t\t\t\t<\/div>\n\t\t\t\t\t<\/div>\n\t\t<\/div>\n\t\t\t\t\t<\/div>\n\t\t<\/section>\n\t\t\t\t<\/div>\n\t\t","protected":false},"excerpt":{"rendered":"<p>Traditionen und Feste Dialog zwischen dem Schiff und dem Schloss (Santa Cruz de La Palma) Der Dialog zwischen dem Schiff und dem Schloss ist eine der traditionellen Veranstaltungen im Rahmen der Feierlichkeiten zur Bajada de la Virgen de Las Nieves, die alle f\u00fcnf Jahre in der Hauptstadt von La Palma stattfindet. Die einzige Ausnahme, in &hellip;<\/p>\n","protected":false},"author":1,"featured_media":0,"parent":8025,"menu_order":0,"comment_status":"closed","ping_status":"closed","template":"homepage.php","meta":{"footnotes":""},"class_list":["post-8783","page","type-page","status-publish","hentry"],"aioseo_notices":[],"_links":{"self":[{"href":"https:\/\/mardesaboreslapalma.es\/de\/wp-json\/wp\/v2\/pages\/8783","targetHints":{"allow":["GET"]}}],"collection":[{"href":"https:\/\/mardesaboreslapalma.es\/de\/wp-json\/wp\/v2\/pages"}],"about":[{"href":"https:\/\/mardesaboreslapalma.es\/de\/wp-json\/wp\/v2\/types\/page"}],"author":[{"embeddable":true,"href":"https:\/\/mardesaboreslapalma.es\/de\/wp-json\/wp\/v2\/users\/1"}],"replies":[{"embeddable":true,"href":"https:\/\/mardesaboreslapalma.es\/de\/wp-json\/wp\/v2\/comments?post=8783"}],"version-history":[{"count":10,"href":"https:\/\/mardesaboreslapalma.es\/de\/wp-json\/wp\/v2\/pages\/8783\/revisions"}],"predecessor-version":[{"id":9141,"href":"https:\/\/mardesaboreslapalma.es\/de\/wp-json\/wp\/v2\/pages\/8783\/revisions\/9141"}],"up":[{"embeddable":true,"href":"https:\/\/mardesaboreslapalma.es\/de\/wp-json\/wp\/v2\/pages\/8025"}],"wp:attachment":[{"href":"https:\/\/mardesaboreslapalma.es\/de\/wp-json\/wp\/v2\/media?parent=8783"}],"curies":[{"name":"wp","href":"https:\/\/api.w.org\/{rel}","templated":true}]}}