{"id":8788,"date":"2022-07-12T12:10:16","date_gmt":"2022-07-12T12:10:16","guid":{"rendered":"https:\/\/mardesaboreslapalma.es\/?page_id=8788"},"modified":"2022-08-11T09:39:00","modified_gmt":"2022-08-11T09:39:00","slug":"geschichte","status":"publish","type":"page","link":"https:\/\/mardesaboreslapalma.es\/de\/entdecken\/geschichte\/","title":{"rendered":"Geschichte"},"content":{"rendered":"\t\t<div data-elementor-type=\"wp-page\" data-elementor-id=\"8788\" class=\"elementor elementor-8788 elementor-7519\">\n\t\t\t\t\t\t<section class=\"elementor-section elementor-top-section elementor-element elementor-element-4b8a301f elementor-section-height-min-height elementor-section-items-stretch elementor-section-content-middle elementor-section-boxed elementor-section-height-default elementor-invisible\" data-id=\"4b8a301f\" data-element_type=\"section\" data-e-type=\"section\" data-settings=\"{&quot;background_background&quot;:&quot;classic&quot;,&quot;animation&quot;:&quot;fadeInUp&quot;}\">\n\t\t\t\t\t\t<div class=\"elementor-container elementor-column-gap-no\">\n\t\t\t\t\t<div class=\"elementor-column elementor-col-50 elementor-top-column elementor-element elementor-element-69e90ce0\" data-id=\"69e90ce0\" data-element_type=\"column\" data-e-type=\"column\">\n\t\t\t<div class=\"elementor-widget-wrap elementor-element-populated\">\n\t\t\t\t\t\t<div class=\"elementor-element elementor-element-3efca945 elementor-widget elementor-widget-heading\" data-id=\"3efca945\" data-element_type=\"widget\" data-e-type=\"widget\" data-widget_type=\"heading.default\">\n\t\t\t\t<div class=\"elementor-widget-container\">\n\t\t\t\t\t<p class=\"elementor-heading-title elementor-size-default\">Geschichte<\/p>\t\t\t\t<\/div>\n\t\t\t\t<\/div>\n\t\t\t\t<div class=\"elementor-element elementor-element-e171c87 elementor-widget elementor-widget-spacer\" data-id=\"e171c87\" data-element_type=\"widget\" data-e-type=\"widget\" data-widget_type=\"spacer.default\">\n\t\t\t\t<div class=\"elementor-widget-container\">\n\t\t\t\t\t\t\t<div class=\"elementor-spacer\">\n\t\t\t<div class=\"elementor-spacer-inner\"><\/div>\n\t\t<\/div>\n\t\t\t\t\t\t<\/div>\n\t\t\t\t<\/div>\n\t\t\t\t<div class=\"elementor-element elementor-element-24f0471f elementor-widget elementor-widget-text-editor\" data-id=\"24f0471f\" data-element_type=\"widget\" data-e-type=\"widget\" data-widget_type=\"text-editor.default\">\n\t\t\t\t<div class=\"elementor-widget-container\">\n\t\t\t\t\t\t\t\t\tDie Beziehung der kanarischen Einwohner zum Meer begann vor mehr als 2.000 Jahren, als die ersten Siedler des Archipels auf den Kanarischen Inseln anlandeten.\n<br \/>\n<br \/>\nEs ist nicht ganz klar, ob sie freiwillig kamen oder von anderen V\u00f6lkern in irgendeinem Konflikt besiegt, hierher deportiert wurden. Aber eindeutig klar ist, dass ihre Ankunft auf den Kanaren zwangsl\u00e4ufig \u00fcber das Meer stattfand und dass ihnen in der Anfangszeit nichts anderes \u00fcbrig blieb, als auf jeder Insel mit zun\u00e4chst einfachsten Mitteln Fischfang zu betreiben, um zu \u00fcberleben.\t\t\t\t\t\t\t\t<\/div>\n\t\t\t\t<\/div>\n\t\t\t\t\t<\/div>\n\t\t<\/div>\n\t\t\t\t<div class=\"elementor-column elementor-col-50 elementor-top-column elementor-element elementor-element-44894ddd\" data-id=\"44894ddd\" data-element_type=\"column\" data-e-type=\"column\">\n\t\t\t<div class=\"elementor-widget-wrap elementor-element-populated\">\n\t\t\t\t\t\t<div class=\"elementor-element elementor-element-36aae7d4 elementor-widget elementor-widget-image\" data-id=\"36aae7d4\" data-element_type=\"widget\" data-e-type=\"widget\" data-widget_type=\"image.default\">\n\t\t\t\t<div class=\"elementor-widget-container\">\n\t\t\t\t\t\t\t\t\t\t\t\t\t\t\t<img fetchpriority=\"high\" decoding=\"async\" width=\"750\" height=\"413\" src=\"https:\/\/mardesaboreslapalma.es\/wp-content\/uploads\/2022\/07\/talabera.jpg\" class=\"attachment-large size-large wp-image-7625\" alt=\"Puerto de Talavera\" srcset=\"https:\/\/mardesaboreslapalma.es\/wp-content\/uploads\/2022\/07\/talabera.jpg 1000w, https:\/\/mardesaboreslapalma.es\/wp-content\/uploads\/2022\/07\/talabera-300x165.jpg 300w, https:\/\/mardesaboreslapalma.es\/wp-content\/uploads\/2022\/07\/talabera-768x422.jpg 768w\" sizes=\"(max-width: 750px) 100vw, 750px\" \/>\t\t\t\t\t\t\t\t\t\t\t\t\t\t\t<\/div>\n\t\t\t\t<\/div>\n\t\t\t\t\t<\/div>\n\t\t<\/div>\n\t\t\t\t\t<\/div>\n\t\t<\/section>\n\t\t\t\t<section class=\"elementor-section elementor-top-section elementor-element elementor-element-3c6494f9 elementor-section-content-middle elementor-reverse-mobile elementor-section-boxed elementor-section-height-default elementor-section-height-default elementor-invisible\" data-id=\"3c6494f9\" data-element_type=\"section\" data-e-type=\"section\" data-settings=\"{&quot;background_background&quot;:&quot;classic&quot;,&quot;animation&quot;:&quot;fadeInLeft&quot;}\">\n\t\t\t\t\t\t<div class=\"elementor-container elementor-column-gap-no\">\n\t\t\t\t\t<div class=\"elementor-column elementor-col-50 elementor-top-column elementor-element elementor-element-24fb943c\" data-id=\"24fb943c\" data-element_type=\"column\" data-e-type=\"column\">\n\t\t\t<div class=\"elementor-widget-wrap elementor-element-populated\">\n\t\t\t\t\t\t<div class=\"elementor-element elementor-element-174c311 elementor-widget elementor-widget-image\" data-id=\"174c311\" data-element_type=\"widget\" data-e-type=\"widget\" data-widget_type=\"image.default\">\n\t\t\t\t<div class=\"elementor-widget-container\">\n\t\t\t\t\t\t\t\t\t\t\t\t\t\t\t<img decoding=\"async\" width=\"750\" height=\"562\" src=\"https:\/\/mardesaboreslapalma.es\/wp-content\/uploads\/2022\/07\/paseo-costa-sanandres.jpg\" class=\"attachment-large size-large wp-image-7432\" alt=\"San Andr\u00e9s\" srcset=\"https:\/\/mardesaboreslapalma.es\/wp-content\/uploads\/2022\/07\/paseo-costa-sanandres.jpg 1000w, https:\/\/mardesaboreslapalma.es\/wp-content\/uploads\/2022\/07\/paseo-costa-sanandres-300x225.jpg 300w, https:\/\/mardesaboreslapalma.es\/wp-content\/uploads\/2022\/07\/paseo-costa-sanandres-768x575.jpg 768w\" sizes=\"(max-width: 750px) 100vw, 750px\" \/>\t\t\t\t\t\t\t\t\t\t\t\t\t\t\t<\/div>\n\t\t\t\t<\/div>\n\t\t\t\t\t<\/div>\n\t\t<\/div>\n\t\t\t\t<div class=\"elementor-column elementor-col-50 elementor-top-column elementor-element elementor-element-7ee554e\" data-id=\"7ee554e\" data-element_type=\"column\" data-e-type=\"column\">\n\t\t\t<div class=\"elementor-widget-wrap elementor-element-populated\">\n\t\t\t\t\t\t<div class=\"elementor-element elementor-element-1fba17d8 elementor-widget elementor-widget-text-editor\" data-id=\"1fba17d8\" data-element_type=\"widget\" data-e-type=\"widget\" data-widget_type=\"text-editor.default\">\n\t\t\t\t<div class=\"elementor-widget-container\">\n\t\t\t\t\t\t\t\t\tMit der Ankunft der spanischen Eroberer begann durch die Schifffahrt eine tief verwurzelte Beziehung zwischen den einzelnen Inseln. Was zun\u00e4chst mit dem Personentransport von Neu-Siedlern und Sklaven begann, wurde dann sp\u00e4ter zum Beginn eines regen Handelsverkehrs sowohl zwischen den Inseln wie auch zum europ\u00e4ischen Festland.\n<br \/>\n<br \/>\nDiese wechselseitigen Handelsbeziehungen, bei denen Tabak, Wein oder Zuckerrohr exportiert wurde, brachte Kunst und Wohlstand nach La Palma. Dies f\u00fchrte nicht nur zum Ausbau des hauptst\u00e4dtischen Hafens, sondern ebenso zur Errichtung einer Vielzahl von H\u00e4fen und Anlegestellen an der gesamten K\u00fcste, welche den interinsularen Transport deutlich vereinfachten. Die meisten dieser Anlagen haben bis heute \u00fcberdauert.\t\t\t\t\t\t\t\t<\/div>\n\t\t\t\t<\/div>\n\t\t\t\t\t<\/div>\n\t\t<\/div>\n\t\t\t\t\t<\/div>\n\t\t<\/section>\n\t\t\t\t<section class=\"elementor-section elementor-top-section elementor-element elementor-element-7dac140d elementor-section-content-middle elementor-section-boxed elementor-section-height-default elementor-section-height-default elementor-invisible\" data-id=\"7dac140d\" data-element_type=\"section\" data-e-type=\"section\" data-settings=\"{&quot;background_background&quot;:&quot;classic&quot;,&quot;animation&quot;:&quot;fadeInRight&quot;}\">\n\t\t\t\t\t\t<div class=\"elementor-container elementor-column-gap-no\">\n\t\t\t\t\t<div class=\"elementor-column elementor-col-50 elementor-top-column elementor-element elementor-element-29121a39\" data-id=\"29121a39\" data-element_type=\"column\" data-e-type=\"column\">\n\t\t\t<div class=\"elementor-widget-wrap elementor-element-populated\">\n\t\t\t\t\t\t<div class=\"elementor-element elementor-element-22d33cf4 elementor-widget elementor-widget-text-editor\" data-id=\"22d33cf4\" data-element_type=\"widget\" data-e-type=\"widget\" data-widget_type=\"text-editor.default\">\n\t\t\t\t<div class=\"elementor-widget-container\">\n\t\t\t\t\t\t\t\t\tAll das f\u00fchrte soweit, dass w\u00e4hrend des 16. und 17. Jahrhunderts der Haupthafen von La Palma dank seiner Exporte und der strategischen Lage in der Verbindung zwischen der Alten und der Neuen Welt, hinter Sevilla und Antwerpen der drittwichtigste Hafen weltweit war.\n<br \/>\n<br \/>\nIn der Geschichte von La Palma finden wir, dass es auch mehrere Piratenangriffe mit unterschiedlichen Auswirkungen auf die Stadt gab.\n<br \/>\n<br \/>\nDiese Industrie entwickelte sich w\u00e4hrend der folgenden Jahrhunderte zu einer wahren Goldgrube f\u00fcr die Insel. Bis zur Mitte des 20. Jahrhunderts wurden in den Werften der Insel Schiffe f\u00fcr den Handel und Verkehr zwischen den Inseln, f\u00fcr die Fischerei in Afrika und f\u00fcr den Handel mit Amerika gebaut. \t\t\t\t\t\t\t\t<\/div>\n\t\t\t\t<\/div>\n\t\t\t\t\t<\/div>\n\t\t<\/div>\n\t\t\t\t<div class=\"elementor-column elementor-col-50 elementor-top-column elementor-element elementor-element-17c92352\" data-id=\"17c92352\" data-element_type=\"column\" data-e-type=\"column\">\n\t\t\t<div class=\"elementor-widget-wrap elementor-element-populated\">\n\t\t\t\t\t\t<div class=\"elementor-element elementor-element-4a6eab0e elementor-widget elementor-widget-image\" data-id=\"4a6eab0e\" data-element_type=\"widget\" data-e-type=\"widget\" data-widget_type=\"image.default\">\n\t\t\t\t<div class=\"elementor-widget-container\">\n\t\t\t\t\t\t\t\t\t\t\t\t\t\t\t<img decoding=\"async\" width=\"750\" height=\"413\" src=\"https:\/\/mardesaboreslapalma.es\/wp-content\/uploads\/2022\/07\/historia-1.jpg\" class=\"attachment-large size-large wp-image-7619\" alt=\"Santa Cruz de La Palma\" srcset=\"https:\/\/mardesaboreslapalma.es\/wp-content\/uploads\/2022\/07\/historia-1.jpg 1000w, https:\/\/mardesaboreslapalma.es\/wp-content\/uploads\/2022\/07\/historia-1-300x165.jpg 300w, https:\/\/mardesaboreslapalma.es\/wp-content\/uploads\/2022\/07\/historia-1-768x422.jpg 768w\" sizes=\"(max-width: 750px) 100vw, 750px\" \/>\t\t\t\t\t\t\t\t\t\t\t\t\t\t\t<\/div>\n\t\t\t\t<\/div>\n\t\t\t\t\t<\/div>\n\t\t<\/div>\n\t\t\t\t\t<\/div>\n\t\t<\/section>\n\t\t\t\t<section class=\"elementor-section elementor-top-section elementor-element elementor-element-ae2d81e elementor-section-content-middle elementor-reverse-mobile elementor-section-boxed elementor-section-height-default elementor-section-height-default elementor-invisible\" data-id=\"ae2d81e\" data-element_type=\"section\" data-e-type=\"section\" data-settings=\"{&quot;background_background&quot;:&quot;classic&quot;,&quot;animation&quot;:&quot;fadeInLeft&quot;}\">\n\t\t\t\t\t\t<div class=\"elementor-container elementor-column-gap-no\">\n\t\t\t\t\t<div class=\"elementor-column elementor-col-50 elementor-top-column elementor-element elementor-element-2f10ce1\" data-id=\"2f10ce1\" data-element_type=\"column\" data-e-type=\"column\">\n\t\t\t<div class=\"elementor-widget-wrap elementor-element-populated\">\n\t\t\t\t\t\t<div class=\"elementor-element elementor-element-4cd5239 elementor-widget elementor-widget-image\" data-id=\"4cd5239\" data-element_type=\"widget\" data-e-type=\"widget\" data-widget_type=\"image.default\">\n\t\t\t\t<div class=\"elementor-widget-container\">\n\t\t\t\t\t\t\t\t\t\t\t\t\t\t\t<img loading=\"lazy\" decoding=\"async\" width=\"750\" height=\"413\" src=\"https:\/\/mardesaboreslapalma.es\/wp-content\/uploads\/2022\/07\/santacruz-1.jpg\" class=\"attachment-large size-large wp-image-7622\" alt=\"Santa Cruz de La Palma\" srcset=\"https:\/\/mardesaboreslapalma.es\/wp-content\/uploads\/2022\/07\/santacruz-1.jpg 1000w, https:\/\/mardesaboreslapalma.es\/wp-content\/uploads\/2022\/07\/santacruz-1-300x165.jpg 300w, https:\/\/mardesaboreslapalma.es\/wp-content\/uploads\/2022\/07\/santacruz-1-768x422.jpg 768w\" sizes=\"(max-width: 750px) 100vw, 750px\" \/>\t\t\t\t\t\t\t\t\t\t\t\t\t\t\t<\/div>\n\t\t\t\t<\/div>\n\t\t\t\t\t<\/div>\n\t\t<\/div>\n\t\t\t\t<div class=\"elementor-column elementor-col-50 elementor-top-column elementor-element elementor-element-7a21143\" data-id=\"7a21143\" data-element_type=\"column\" data-e-type=\"column\">\n\t\t\t<div class=\"elementor-widget-wrap elementor-element-populated\">\n\t\t\t\t\t\t<div class=\"elementor-element elementor-element-d4619ae elementor-widget elementor-widget-text-editor\" data-id=\"d4619ae\" data-element_type=\"widget\" data-e-type=\"widget\" data-widget_type=\"text-editor.default\">\n\t\t\t\t<div class=\"elementor-widget-container\">\n\t\t\t\t\t\t\t\t\tUnd diese Linie gewann in der Zeit nach den Weltkriegen, in der Zeit des spanischen B\u00fcrgerkrieges und der Auswanderungswelle noch an Bedeutung.\n<br \/>\n<br \/>\nSeither schauen die Bewohner La Palmas mit einer Mischung aus Erinnerung, Nostalgie und dem Gef\u00fchl, dass etwas von ihnen gegangen ist, was in vielen F\u00e4llen niemals wieder kehrte, aufs Meer hinaus. Es gab aber auch viele Erfolgsgeschichten. Menschen, die nach der Auswanderung mit Verm\u00f6gen in ihre Heimat zur\u00fcckkehrten und dieses dann auf La Palma investierten. Nat\u00fcrlich wieder zur\u00fcck auf dem Seeweg, auf dem sie auf der Suche nach Reichtum die Heimat seinerzeit verlassen hatten.\t\t\t\t\t\t\t\t<\/div>\n\t\t\t\t<\/div>\n\t\t\t\t\t<\/div>\n\t\t<\/div>\n\t\t\t\t\t<\/div>\n\t\t<\/section>\n\t\t\t\t<section class=\"elementor-section elementor-top-section elementor-element elementor-element-1cec00a9 elementor-section-content-middle elementor-reverse-tablet elementor-reverse-mobile elementor-section-boxed elementor-section-height-default elementor-section-height-default elementor-invisible\" data-id=\"1cec00a9\" data-element_type=\"section\" data-e-type=\"section\" data-settings=\"{&quot;background_background&quot;:&quot;classic&quot;,&quot;animation&quot;:&quot;fadeIn&quot;}\">\n\t\t\t\t\t\t<div class=\"elementor-container elementor-column-gap-no\">\n\t\t\t\t\t<div class=\"elementor-column elementor-col-100 elementor-top-column elementor-element elementor-element-64c196f2\" data-id=\"64c196f2\" data-element_type=\"column\" data-e-type=\"column\">\n\t\t\t<div class=\"elementor-widget-wrap elementor-element-populated\">\n\t\t\t\t\t\t<div class=\"elementor-element elementor-element-65aee906 elementor-widget elementor-widget-heading\" data-id=\"65aee906\" data-element_type=\"widget\" data-e-type=\"widget\" data-widget_type=\"heading.default\">\n\t\t\t\t<div class=\"elementor-widget-container\">\n\t\t\t\t\t<h3 class=\"elementor-heading-title elementor-size-default\">Entdecken Sie La Palma. K\u00fcste und meer<\/h3>\t\t\t\t<\/div>\n\t\t\t\t<\/div>\n\t\t\t\t<div class=\"elementor-element elementor-element-51d0a363 elementor-mobile-align-center elementor-align-center elementor-widget elementor-widget-button\" data-id=\"51d0a363\" data-element_type=\"widget\" data-e-type=\"widget\" data-widget_type=\"button.default\">\n\t\t\t\t<div class=\"elementor-widget-container\">\n\t\t\t\t\t\t\t\t\t<div class=\"elementor-button-wrapper\">\n\t\t\t\t\t<a class=\"elementor-button elementor-button-link elementor-size-sm\" href=\"https:\/\/mardesaboreslapalma.es\/de\/entdecken\/\">\n\t\t\t\t\t\t<span class=\"elementor-button-content-wrapper\">\n\t\t\t\t\t\t\t\t\t<span class=\"elementor-button-text\">Entdecken<\/span>\n\t\t\t\t\t<\/span>\n\t\t\t\t\t<\/a>\n\t\t\t\t<\/div>\n\t\t\t\t\t\t\t\t<\/div>\n\t\t\t\t<\/div>\n\t\t\t\t\t<\/div>\n\t\t<\/div>\n\t\t\t\t\t<\/div>\n\t\t<\/section>\n\t\t\t\t<\/div>\n\t\t","protected":false},"excerpt":{"rendered":"<p>Geschichte Die Beziehung der kanarischen Einwohner zum Meer begann vor mehr als 2.000 Jahren, als die ersten Siedler des Archipels auf den Kanarischen Inseln anlandeten. Es ist nicht ganz klar, ob sie freiwillig kamen oder von anderen V\u00f6lkern in irgendeinem Konflikt besiegt, hierher deportiert wurden. Aber eindeutig klar ist, dass ihre Ankunft auf den Kanaren &hellip;<\/p>\n","protected":false},"author":1,"featured_media":0,"parent":8025,"menu_order":0,"comment_status":"closed","ping_status":"closed","template":"homepage.php","meta":{"footnotes":""},"class_list":["post-8788","page","type-page","status-publish","hentry"],"aioseo_notices":[],"_links":{"self":[{"href":"https:\/\/mardesaboreslapalma.es\/de\/wp-json\/wp\/v2\/pages\/8788","targetHints":{"allow":["GET"]}}],"collection":[{"href":"https:\/\/mardesaboreslapalma.es\/de\/wp-json\/wp\/v2\/pages"}],"about":[{"href":"https:\/\/mardesaboreslapalma.es\/de\/wp-json\/wp\/v2\/types\/page"}],"author":[{"embeddable":true,"href":"https:\/\/mardesaboreslapalma.es\/de\/wp-json\/wp\/v2\/users\/1"}],"replies":[{"embeddable":true,"href":"https:\/\/mardesaboreslapalma.es\/de\/wp-json\/wp\/v2\/comments?post=8788"}],"version-history":[{"count":10,"href":"https:\/\/mardesaboreslapalma.es\/de\/wp-json\/wp\/v2\/pages\/8788\/revisions"}],"predecessor-version":[{"id":9144,"href":"https:\/\/mardesaboreslapalma.es\/de\/wp-json\/wp\/v2\/pages\/8788\/revisions\/9144"}],"up":[{"embeddable":true,"href":"https:\/\/mardesaboreslapalma.es\/de\/wp-json\/wp\/v2\/pages\/8025"}],"wp:attachment":[{"href":"https:\/\/mardesaboreslapalma.es\/de\/wp-json\/wp\/v2\/media?parent=8788"}],"curies":[{"name":"wp","href":"https:\/\/api.w.org\/{rel}","templated":true}]}}