{"id":8803,"date":"2022-07-12T11:04:48","date_gmt":"2022-07-12T11:04:48","guid":{"rendered":"https:\/\/mardesaboreslapalma.es\/?page_id=8803"},"modified":"2022-08-11T09:44:59","modified_gmt":"2022-08-11T09:44:59","slug":"meeresschutzgebiet","status":"publish","type":"page","link":"https:\/\/mardesaboreslapalma.es\/de\/entdecken\/meeresschutzgebiet\/","title":{"rendered":"Meeresschutzgebiet"},"content":{"rendered":"\t\t<div data-elementor-type=\"wp-page\" data-elementor-id=\"8803\" class=\"elementor elementor-8803 elementor-7342\">\n\t\t\t\t\t\t<section class=\"elementor-section elementor-top-section elementor-element elementor-element-3c6a7342 elementor-section-height-min-height elementor-section-items-stretch elementor-section-content-middle elementor-section-boxed elementor-section-height-default elementor-invisible\" data-id=\"3c6a7342\" data-element_type=\"section\" data-e-type=\"section\" data-settings=\"{&quot;background_background&quot;:&quot;classic&quot;,&quot;animation&quot;:&quot;fadeInUp&quot;}\">\n\t\t\t\t\t\t<div class=\"elementor-container elementor-column-gap-no\">\n\t\t\t\t\t<div class=\"elementor-column elementor-col-50 elementor-top-column elementor-element elementor-element-3034bd20\" data-id=\"3034bd20\" data-element_type=\"column\" data-e-type=\"column\">\n\t\t\t<div class=\"elementor-widget-wrap elementor-element-populated\">\n\t\t\t\t\t\t<div class=\"elementor-element elementor-element-69eaa006 elementor-widget elementor-widget-image\" data-id=\"69eaa006\" data-element_type=\"widget\" data-e-type=\"widget\" data-widget_type=\"image.default\">\n\t\t\t\t<div class=\"elementor-widget-container\">\n\t\t\t\t\t\t\t\t\t\t\t\t\t\t\t<img fetchpriority=\"high\" decoding=\"async\" width=\"750\" height=\"562\" src=\"https:\/\/mardesaboreslapalma.es\/wp-content\/uploads\/2022\/07\/reserva-marina-lapalma.jpg\" class=\"attachment-large size-large wp-image-7458\" alt=\"Reserva Marina\" srcset=\"https:\/\/mardesaboreslapalma.es\/wp-content\/uploads\/2022\/07\/reserva-marina-lapalma.jpg 1000w, https:\/\/mardesaboreslapalma.es\/wp-content\/uploads\/2022\/07\/reserva-marina-lapalma-300x225.jpg 300w, https:\/\/mardesaboreslapalma.es\/wp-content\/uploads\/2022\/07\/reserva-marina-lapalma-768x575.jpg 768w\" sizes=\"(max-width: 750px) 100vw, 750px\" \/>\t\t\t\t\t\t\t\t\t\t\t\t\t\t\t<\/div>\n\t\t\t\t<\/div>\n\t\t\t\t\t<\/div>\n\t\t<\/div>\n\t\t\t\t<div class=\"elementor-column elementor-col-50 elementor-top-column elementor-element elementor-element-73730aec\" data-id=\"73730aec\" data-element_type=\"column\" data-e-type=\"column\">\n\t\t\t<div class=\"elementor-widget-wrap elementor-element-populated\">\n\t\t\t\t\t\t<div class=\"elementor-element elementor-element-30d1db36 elementor-widget elementor-widget-heading\" data-id=\"30d1db36\" data-element_type=\"widget\" data-e-type=\"widget\" data-widget_type=\"heading.default\">\n\t\t\t\t<div class=\"elementor-widget-container\">\n\t\t\t\t\t<h1 class=\"elementor-heading-title elementor-size-default\">Meeresschutzgebiet<\/h1>\t\t\t\t<\/div>\n\t\t\t\t<\/div>\n\t\t\t\t<div class=\"elementor-element elementor-element-26478b81 elementor-widget elementor-widget-text-editor\" data-id=\"26478b81\" data-element_type=\"widget\" data-e-type=\"widget\" data-widget_type=\"text-editor.default\">\n\t\t\t\t<div class=\"elementor-widget-container\">\n\t\t\t\t\t\t\t\t\tSeit 2001 verf\u00fcgt La Palma \u00fcber sein eigenes Meeresschutzgebiet. Dieses erstreckt sich \u00fcber einen 15 km langen K\u00fcstenabschnitt der Gemeinden Fuencaliente und Los Llanos de Aridane. Das Schutzgebiet reicht bis in eine Tiefe von 1.000 Metern und umfasst \u00fcber 3.455 Hektar an der S\u00fcdwestk\u00fcste der Insel, zwischen La Caleta de los P\u00e1jaros und Punta Gruesa und hat als \u00e4u\u00dfere Grenze die Tiefenlinie von 1.000 Metern, die sogenannte 1.000-Meter-Isobathe. Da sich das Meeresschutzgebiet vollst\u00e4ndig in Au\u00dfengew\u00e4ssern befindet, wird es vom Generalsekretariat Meer verwaltet.\t\t\t\t\t\t\t\t<\/div>\n\t\t\t\t<\/div>\n\t\t\t\t\t<\/div>\n\t\t<\/div>\n\t\t\t\t\t<\/div>\n\t\t<\/section>\n\t\t\t\t<section class=\"elementor-section elementor-top-section elementor-element elementor-element-1d8bcdb0 elementor-section-content-middle elementor-section-boxed elementor-section-height-default elementor-section-height-default elementor-invisible\" data-id=\"1d8bcdb0\" data-element_type=\"section\" data-e-type=\"section\" data-settings=\"{&quot;background_background&quot;:&quot;classic&quot;,&quot;animation&quot;:&quot;fadeInUp&quot;}\">\n\t\t\t\t\t\t<div class=\"elementor-container elementor-column-gap-no\">\n\t\t\t\t\t<div class=\"elementor-column elementor-col-50 elementor-top-column elementor-element elementor-element-4ee7965\" data-id=\"4ee7965\" data-element_type=\"column\" data-e-type=\"column\">\n\t\t\t<div class=\"elementor-widget-wrap elementor-element-populated\">\n\t\t\t\t\t\t<div class=\"elementor-element elementor-element-76c4048 elementor-widget elementor-widget-text-editor\" data-id=\"76c4048\" data-element_type=\"widget\" data-e-type=\"widget\" data-widget_type=\"text-editor.default\">\n\t\t\t\t<div class=\"elementor-widget-container\">\n\t\t\t\t\t\t\t\t\tDie selten anzutreffende Kombination aus Meeresplattform und steilen Spalten im Meeresboden ist von biologischem und gro\u00dfem landschaftlichen Wert. Hier findet man eine bedeutende Vielfalt an Meeresflora und -Fauna sowie Fischarten, die an anderen westlichen Kanarischen Inseln kaum zu beobachten sind.\n<br \/>\n<br \/>\n\nDiese Zone befindet sich wiederum in einem anderen gesch\u00fctzten Meeresbereich, der Franja Marina de Fuencaliente, die Teil des Natura-2000-Netzes ist und die wiederum zum Weltbiosph\u00e4renreservat von La Palma geh\u00f6rt.\n<br \/>\n<br \/>\n\nZum Schutzgebiet geh\u00f6rt ein Besucherzentrum im Leuchtturm Faro de Fuencaliente sowie ein Informationsb\u00fcro im Hafen von Tazacorte.\t\t\t\t\t\t\t\t<\/div>\n\t\t\t\t<\/div>\n\t\t\t\t\t<\/div>\n\t\t<\/div>\n\t\t\t\t<div class=\"elementor-column elementor-col-50 elementor-top-column elementor-element elementor-element-2b348785\" data-id=\"2b348785\" data-element_type=\"column\" data-e-type=\"column\">\n\t\t\t<div class=\"elementor-widget-wrap elementor-element-populated\">\n\t\t\t\t\t\t<div class=\"elementor-element elementor-element-6d1a050 elementor-widget elementor-widget-image\" data-id=\"6d1a050\" data-element_type=\"widget\" data-e-type=\"widget\" data-widget_type=\"image.default\">\n\t\t\t\t<div class=\"elementor-widget-container\">\n\t\t\t\t\t\t\t\t\t\t\t\t\t\t\t\t<a href=\"https:\/\/mardesaboreslapalma.es\/wp-content\/uploads\/2022\/07\/lazamora-reservamarina.jpg\" data-elementor-open-lightbox=\"yes\" data-elementor-lightbox-title=\"lazamora-reservamarina\" data-e-action-hash=\"#elementor-action%3Aaction%3Dlightbox%26settings%3DeyJpZCI6Nzg0NSwidXJsIjoiaHR0cHM6XC9cL21hcmRlc2Fib3Jlc2xhcGFsbWEuZXNcL3dwLWNvbnRlbnRcL3VwbG9hZHNcLzIwMjJcLzA3XC9sYXphbW9yYS1yZXNlcnZhbWFyaW5hLmpwZyJ9\">\n\t\t\t\t\t\t\t<img decoding=\"async\" width=\"957\" height=\"640\" src=\"https:\/\/mardesaboreslapalma.es\/wp-content\/uploads\/2022\/07\/lazamora-reservamarina.jpg\" class=\"attachment-full size-full wp-image-7845\" alt=\"Reserva Marina La Palma\" srcset=\"https:\/\/mardesaboreslapalma.es\/wp-content\/uploads\/2022\/07\/lazamora-reservamarina.jpg 957w, https:\/\/mardesaboreslapalma.es\/wp-content\/uploads\/2022\/07\/lazamora-reservamarina-300x201.jpg 300w, https:\/\/mardesaboreslapalma.es\/wp-content\/uploads\/2022\/07\/lazamora-reservamarina-768x514.jpg 768w\" sizes=\"(max-width: 957px) 100vw, 957px\" \/>\t\t\t\t\t\t\t\t<\/a>\n\t\t\t\t\t\t\t\t\t\t\t\t\t\t\t<\/div>\n\t\t\t\t<\/div>\n\t\t\t\t\t<\/div>\n\t\t<\/div>\n\t\t\t\t\t<\/div>\n\t\t<\/section>\n\t\t\t\t<section class=\"elementor-section elementor-top-section elementor-element elementor-element-9bf195b elementor-section-content-middle elementor-section-full_width elementor-section-height-default elementor-section-height-default elementor-invisible\" data-id=\"9bf195b\" data-element_type=\"section\" data-e-type=\"section\" data-settings=\"{&quot;background_background&quot;:&quot;classic&quot;,&quot;animation&quot;:&quot;fadeIn&quot;}\">\n\t\t\t\t\t\t<div class=\"elementor-container elementor-column-gap-no\">\n\t\t\t\t\t<div class=\"elementor-column elementor-col-100 elementor-top-column elementor-element elementor-element-e1bbc5e\" data-id=\"e1bbc5e\" data-element_type=\"column\" data-e-type=\"column\">\n\t\t\t<div class=\"elementor-widget-wrap elementor-element-populated\">\n\t\t\t\t\t\t<div class=\"elementor-element elementor-element-cac7f2b elementor-widget elementor-widget-image-gallery\" data-id=\"cac7f2b\" data-element_type=\"widget\" data-e-type=\"widget\" data-widget_type=\"image-gallery.default\">\n\t\t\t\t<div class=\"elementor-widget-container\">\n\t\t\t\t\t\t\t<div class=\"elementor-image-gallery\">\n\t\t\t\n\t\t<style type=\"text\/css\">\n\t\t\t#gallery-1 {\n\t\t\t\tmargin: auto;\n\t\t\t}\n\t\t\t#gallery-1 .gallery-item {\n\t\t\t\tfloat: left;\n\t\t\t\tmargin-top: 10px;\n\t\t\t\ttext-align: center;\n\t\t\t\twidth: 100%;\n\t\t\t}\n\t\t\t#gallery-1 img {\n\t\t\t\tborder: 2px solid #cfcfcf;\n\t\t\t}\n\t\t\t#gallery-1 .gallery-caption {\n\t\t\t\tmargin-left: 0;\n\t\t\t}\n\t\t\t\/* see gallery_shortcode() in wp-includes\/media.php *\/\n\t\t<\/style>\n\t\t<div id='gallery-1' class='gallery galleryid-8803 gallery-columns-1 gallery-size-full'><dl class='gallery-item'>\n\t\t\t<dt class='gallery-icon landscape'>\n\t\t\t\t<a data-elementor-open-lightbox=\"yes\" data-elementor-lightbox-slideshow=\"cac7f2b\" data-elementor-lightbox-title=\"sargos-reservamarian-\" data-e-action-hash=\"#elementor-action%3Aaction%3Dlightbox%26settings%3DeyJpZCI6Nzg1NCwidXJsIjoiaHR0cHM6XC9cL21hcmRlc2Fib3Jlc2xhcGFsbWEuZXNcL3dwLWNvbnRlbnRcL3VwbG9hZHNcLzIwMjJcLzA3XC9zYXJnb3MtcmVzZXJ2YW1hcmlhbi0uanBnIiwic2xpZGVzaG93IjoiY2FjN2YyYiJ9\" href='https:\/\/mardesaboreslapalma.es\/wp-content\/uploads\/2022\/07\/sargos-reservamarian-.jpg'><img decoding=\"async\" width=\"957\" height=\"640\" src=\"https:\/\/mardesaboreslapalma.es\/wp-content\/uploads\/2022\/07\/sargos-reservamarian-.jpg\" class=\"attachment-full size-full\" alt=\"Reserva Marina La Palma\" srcset=\"https:\/\/mardesaboreslapalma.es\/wp-content\/uploads\/2022\/07\/sargos-reservamarian-.jpg 957w, https:\/\/mardesaboreslapalma.es\/wp-content\/uploads\/2022\/07\/sargos-reservamarian--300x201.jpg 300w, https:\/\/mardesaboreslapalma.es\/wp-content\/uploads\/2022\/07\/sargos-reservamarian--768x514.jpg 768w\" sizes=\"(max-width: 957px) 100vw, 957px\" \/><\/a>\n\t\t\t<\/dt><\/dl><br style=\"clear: both\" \/><dl class='gallery-item'>\n\t\t\t<dt class='gallery-icon landscape'>\n\t\t\t\t<a data-elementor-open-lightbox=\"yes\" data-elementor-lightbox-slideshow=\"cac7f2b\" data-elementor-lightbox-title=\"reservamarina-lapalma\" data-e-action-hash=\"#elementor-action%3Aaction%3Dlightbox%26settings%3DeyJpZCI6Nzg1MSwidXJsIjoiaHR0cHM6XC9cL21hcmRlc2Fib3Jlc2xhcGFsbWEuZXNcL3dwLWNvbnRlbnRcL3VwbG9hZHNcLzIwMjJcLzA3XC9yZXNlcnZhbWFyaW5hLWxhcGFsbWEuanBnIiwic2xpZGVzaG93IjoiY2FjN2YyYiJ9\" href='https:\/\/mardesaboreslapalma.es\/wp-content\/uploads\/2022\/07\/reservamarina-lapalma.jpg'><img loading=\"lazy\" decoding=\"async\" width=\"957\" height=\"640\" src=\"https:\/\/mardesaboreslapalma.es\/wp-content\/uploads\/2022\/07\/reservamarina-lapalma.jpg\" class=\"attachment-full size-full\" alt=\"Reserva Marina La Palma\" srcset=\"https:\/\/mardesaboreslapalma.es\/wp-content\/uploads\/2022\/07\/reservamarina-lapalma.jpg 957w, https:\/\/mardesaboreslapalma.es\/wp-content\/uploads\/2022\/07\/reservamarina-lapalma-300x201.jpg 300w, https:\/\/mardesaboreslapalma.es\/wp-content\/uploads\/2022\/07\/reservamarina-lapalma-768x514.jpg 768w\" sizes=\"(max-width: 957px) 100vw, 957px\" \/><\/a>\n\t\t\t<\/dt><\/dl><br style=\"clear: both\" \/><dl class='gallery-item'>\n\t\t\t<dt class='gallery-icon landscape'>\n\t\t\t\t<a data-elementor-open-lightbox=\"yes\" data-elementor-lightbox-slideshow=\"cac7f2b\" data-elementor-lightbox-title=\"reserva-marina-isladelapalma\" data-e-action-hash=\"#elementor-action%3Aaction%3Dlightbox%26settings%3DeyJpZCI6Nzg0OCwidXJsIjoiaHR0cHM6XC9cL21hcmRlc2Fib3Jlc2xhcGFsbWEuZXNcL3dwLWNvbnRlbnRcL3VwbG9hZHNcLzIwMjJcLzA3XC9yZXNlcnZhLW1hcmluYS1pc2xhZGVsYXBhbG1hLmpwZyIsInNsaWRlc2hvdyI6ImNhYzdmMmIifQ%3D%3D\" href='https:\/\/mardesaboreslapalma.es\/wp-content\/uploads\/2022\/07\/reserva-marina-isladelapalma.jpg'><img loading=\"lazy\" decoding=\"async\" width=\"957\" height=\"640\" src=\"https:\/\/mardesaboreslapalma.es\/wp-content\/uploads\/2022\/07\/reserva-marina-isladelapalma.jpg\" class=\"attachment-full size-full\" alt=\"Reserva Marina La Palma\" srcset=\"https:\/\/mardesaboreslapalma.es\/wp-content\/uploads\/2022\/07\/reserva-marina-isladelapalma.jpg 957w, https:\/\/mardesaboreslapalma.es\/wp-content\/uploads\/2022\/07\/reserva-marina-isladelapalma-300x201.jpg 300w, https:\/\/mardesaboreslapalma.es\/wp-content\/uploads\/2022\/07\/reserva-marina-isladelapalma-768x514.jpg 768w\" sizes=\"(max-width: 957px) 100vw, 957px\" \/><\/a>\n\t\t\t<\/dt><\/dl><br style=\"clear: both\" \/><dl class='gallery-item'>\n\t\t\t<dt class='gallery-icon landscape'>\n\t\t\t\t<a data-elementor-open-lightbox=\"yes\" data-elementor-lightbox-slideshow=\"cac7f2b\" data-elementor-lightbox-title=\"elremo-reservamarina\" data-e-action-hash=\"#elementor-action%3Aaction%3Dlightbox%26settings%3DeyJpZCI6Nzg0MiwidXJsIjoiaHR0cHM6XC9cL21hcmRlc2Fib3Jlc2xhcGFsbWEuZXNcL3dwLWNvbnRlbnRcL3VwbG9hZHNcLzIwMjJcLzA3XC9lbHJlbW8tcmVzZXJ2YW1hcmluYS5qcGciLCJzbGlkZXNob3ciOiJjYWM3ZjJiIn0%3D\" href='https:\/\/mardesaboreslapalma.es\/wp-content\/uploads\/2022\/07\/elremo-reservamarina.jpg'><img loading=\"lazy\" decoding=\"async\" width=\"957\" height=\"640\" src=\"https:\/\/mardesaboreslapalma.es\/wp-content\/uploads\/2022\/07\/elremo-reservamarina.jpg\" class=\"attachment-full size-full\" alt=\"Reserva Marina La Palma\" srcset=\"https:\/\/mardesaboreslapalma.es\/wp-content\/uploads\/2022\/07\/elremo-reservamarina.jpg 957w, https:\/\/mardesaboreslapalma.es\/wp-content\/uploads\/2022\/07\/elremo-reservamarina-300x201.jpg 300w, https:\/\/mardesaboreslapalma.es\/wp-content\/uploads\/2022\/07\/elremo-reservamarina-768x514.jpg 768w\" sizes=\"(max-width: 957px) 100vw, 957px\" \/><\/a>\n\t\t\t<\/dt><\/dl><br style=\"clear: both\" \/>\n\t\t<\/div>\n\t\t<\/div>\n\t\t\t\t\t\t<\/div>\n\t\t\t\t<\/div>\n\t\t\t\t\t<\/div>\n\t\t<\/div>\n\t\t\t\t\t<\/div>\n\t\t<\/section>\n\t\t\t\t<section class=\"elementor-section elementor-top-section elementor-element elementor-element-6a7694d5 elementor-section-content-middle elementor-reverse-tablet elementor-reverse-mobile elementor-section-boxed elementor-section-height-default elementor-section-height-default elementor-invisible\" data-id=\"6a7694d5\" data-element_type=\"section\" data-e-type=\"section\" data-settings=\"{&quot;background_background&quot;:&quot;classic&quot;,&quot;animation&quot;:&quot;fadeIn&quot;}\">\n\t\t\t\t\t\t<div class=\"elementor-container elementor-column-gap-no\">\n\t\t\t\t\t<div class=\"elementor-column elementor-col-100 elementor-top-column elementor-element elementor-element-1422c25e\" data-id=\"1422c25e\" data-element_type=\"column\" data-e-type=\"column\">\n\t\t\t<div class=\"elementor-widget-wrap elementor-element-populated\">\n\t\t\t\t\t\t<div class=\"elementor-element elementor-element-51b25306 elementor-widget elementor-widget-heading\" data-id=\"51b25306\" data-element_type=\"widget\" data-e-type=\"widget\" data-widget_type=\"heading.default\">\n\t\t\t\t<div class=\"elementor-widget-container\">\n\t\t\t\t\t<h3 class=\"elementor-heading-title elementor-size-default\"><h3 class=\"elementor-heading-title elementor-size-default elementor-inline-editing pen\" data-elementor-setting-key=\"title\" data-pen-placeholder=\"Teclea aqu\u00ed...\" style=\"font-weight: 500;font-size: 43px;letter-spacing: normal\">Entdecken Sie La Palma. K\u00fcste und meer<\/h3><\/h3>\t\t\t\t<\/div>\n\t\t\t\t<\/div>\n\t\t\t\t<div class=\"elementor-element elementor-element-7408d47a elementor-mobile-align-center elementor-align-center elementor-widget elementor-widget-button\" data-id=\"7408d47a\" data-element_type=\"widget\" data-e-type=\"widget\" data-widget_type=\"button.default\">\n\t\t\t\t<div class=\"elementor-widget-container\">\n\t\t\t\t\t\t\t\t\t<div class=\"elementor-button-wrapper\">\n\t\t\t\t\t<a class=\"elementor-button elementor-button-link elementor-size-sm\" href=\"https:\/\/mardesaboreslapalma.es\/de\/entdecken\/\">\n\t\t\t\t\t\t<span class=\"elementor-button-content-wrapper\">\n\t\t\t\t\t\t\t\t\t<span class=\"elementor-button-text\">Entdecken<\/span>\n\t\t\t\t\t<\/span>\n\t\t\t\t\t<\/a>\n\t\t\t\t<\/div>\n\t\t\t\t\t\t\t\t<\/div>\n\t\t\t\t<\/div>\n\t\t\t\t\t<\/div>\n\t\t<\/div>\n\t\t\t\t\t<\/div>\n\t\t<\/section>\n\t\t\t\t<\/div>\n\t\t","protected":false},"excerpt":{"rendered":"<p>Meeresschutzgebiet Seit 2001 verf\u00fcgt La Palma \u00fcber sein eigenes Meeresschutzgebiet. Dieses erstreckt sich \u00fcber einen 15 km langen K\u00fcstenabschnitt der Gemeinden Fuencaliente und Los Llanos de Aridane. Das Schutzgebiet reicht bis in eine Tiefe von 1.000 Metern und umfasst \u00fcber 3.455 Hektar an der S\u00fcdwestk\u00fcste der Insel, zwischen La Caleta de los P\u00e1jaros und Punta &hellip;<\/p>\n","protected":false},"author":1,"featured_media":0,"parent":8025,"menu_order":0,"comment_status":"closed","ping_status":"closed","template":"homepage.php","meta":{"footnotes":""},"class_list":["post-8803","page","type-page","status-publish","hentry"],"aioseo_notices":[],"_links":{"self":[{"href":"https:\/\/mardesaboreslapalma.es\/de\/wp-json\/wp\/v2\/pages\/8803","targetHints":{"allow":["GET"]}}],"collection":[{"href":"https:\/\/mardesaboreslapalma.es\/de\/wp-json\/wp\/v2\/pages"}],"about":[{"href":"https:\/\/mardesaboreslapalma.es\/de\/wp-json\/wp\/v2\/types\/page"}],"author":[{"embeddable":true,"href":"https:\/\/mardesaboreslapalma.es\/de\/wp-json\/wp\/v2\/users\/1"}],"replies":[{"embeddable":true,"href":"https:\/\/mardesaboreslapalma.es\/de\/wp-json\/wp\/v2\/comments?post=8803"}],"version-history":[{"count":10,"href":"https:\/\/mardesaboreslapalma.es\/de\/wp-json\/wp\/v2\/pages\/8803\/revisions"}],"predecessor-version":[{"id":9153,"href":"https:\/\/mardesaboreslapalma.es\/de\/wp-json\/wp\/v2\/pages\/8803\/revisions\/9153"}],"up":[{"embeddable":true,"href":"https:\/\/mardesaboreslapalma.es\/de\/wp-json\/wp\/v2\/pages\/8025"}],"wp:attachment":[{"href":"https:\/\/mardesaboreslapalma.es\/de\/wp-json\/wp\/v2\/media?parent=8803"}],"curies":[{"name":"wp","href":"https:\/\/api.w.org\/{rel}","templated":true}]}}